{"id":257,"date":"2025-05-02T17:24:47","date_gmt":"2025-05-02T17:24:47","guid":{"rendered":"https:\/\/kraftquellen.mentaltraining.at\/?page_id=257"},"modified":"2025-05-02T17:25:40","modified_gmt":"2025-05-02T17:25:40","slug":"stabile-gewohnheiten","status":"publish","type":"page","link":"https:\/\/kraftquellen.mentaltraining.at\/?page_id=257","title":{"rendered":"Stabile Gewohnheiten"},"content":{"rendered":"\t\t<div data-elementor-type=\"wp-page\" data-elementor-id=\"257\" class=\"elementor elementor-257\">\n\t\t\t\t<div class=\"elementor-element elementor-element-3f286f3 e-flex e-con-boxed e-con e-parent\" data-id=\"3f286f3\" data-element_type=\"container\" data-e-type=\"container\">\n\t\t\t\t\t<div class=\"e-con-inner\">\n\t\t\t\t<div class=\"elementor-element elementor-element-5c8d45b elementor-widget elementor-widget-html\" data-id=\"5c8d45b\" data-element_type=\"widget\" data-e-type=\"widget\" data-widget_type=\"html.default\">\n\t\t\t\t<div class=\"elementor-widget-container\">\n\t\t\t\t\t<!DOCTYPE html>\n<html lang=\"de\">\n<head>\n    <meta charset=\"UTF-8\">\n    <meta name=\"viewport\" content=\"width=device-width, initial-scale=1.0\">\n    <title>Stabile Gewohnheiten<\/title>\n    <style>\n        \/* Schriftarten *\/\n        @import url('https:\/\/fonts.googleapis.com\/css2?family=Playfair+Display&family=Muli&family=Lato&family=Lora&family=Montserrat&family=Open+Sans&family=Georgia+Pro+Condensed&display=swap');\n\n        body {\n            font-family: 'Open Sans', sans-serif;\n            color: #4edad9;\n            background-color: #f4f4f4;\n            margin: 0;\n            padding: 0;\n        }\n\n        h1 {\n            font-family: 'Montserrat', sans-serif;\n            font-size: 28px;\n            color: #b65c43; \/* St\u00e4rkere Farbe f\u00fcr den Titel *\/\n            margin-top: 20px;\n        }\n\n        h2 {\n            font-family: 'Playfair Display', serif;\n            font-size: 22px;\n            color: #b65c43; \/* St\u00e4rkere Farbe f\u00fcr die Zwischen\u00fcberschrift *\/\n            margin-top: 15px;\n        }\n\n        .teaser {\n            font-family: 'Lato', sans-serif;\n            font-size: 18px;\n            color: #006f6a;\n            line-height: 1.5;\n            margin: 20px;\n        }\n\n        .highlight {\n            color: #b65c43;\n            font-weight: bold;\n        }\n\n        .button {\n            background-color: #006f6a;\n            color: white;\n            padding: 10px 20px;\n            font-size: 18px;\n            font-family: 'Muli', sans-serif;\n            text-align: center;\n            text-decoration: none;\n            border-radius: 5px;\n            display: inline-block;\n            margin: 20px 10px;\n            transition: background-color 0.3s;\n        }\n\n        .button:hover {\n            background-color: #4edad9;\n        }\n    <\/style>\n<\/head>\n<body>\n\n    <section>\n        <h1>Stabile Gewohnheiten: Dein Weg zu unterbewussten Autopilot-Programmen<\/h1>\n        <h2>Wie Du Gewohnheiten entwickelst, die sich wie von selbst entfalten<\/h2>\n        <div class=\"teaser\">\n            Stell Dir vor, Du k\u00f6nntest Deine positiven Gewohnheiten so stark in Deinem Unterbewusstsein verankern, dass sie sich fast automatisch entfalten. Genau das erreichst Du, wenn Du lernst, Deine Gewohnheiten in unterbewusste Autopilot-Programme zu \u00fcberf\u00fchren.\n        <\/div>\n\n        <div>\n            <p>Gewohnheiten sind die unsichtbaren Kr\u00e4fte, die unseren Alltag steuern. Was, wenn Du diese Kr\u00e4fte f\u00fcr Dich arbeiten lassen k\u00f6nntest? Durch gezielte \u00dcbung und die richtige Technik wirst Du f\u00e4hig, Dein Verhalten so zu programmieren, dass positive Gewohnheiten fast ohne Aufwand in Deinem Leben etabliert werden. Dein Unterbewusstsein \u00fcbernimmt den gr\u00f6\u00dften Teil der Arbeit, und Du kannst Dich auf das konzentrieren, was wirklich wichtig ist.<\/p>\n\n            <p>Indem Du Deine Ziele mit festen Ritualen und regelm\u00e4\u00dfigen \u00dcbungen verkn\u00fcpfst, sorgst Du daf\u00fcr, dass diese Gewohnheiten nicht nur bestehen bleiben, sondern sich nach und nach vertiefen. Dein Unterbewusstsein speichert die neuen Handlungen und Gedanken in Form von stabilen Programmen, die fast automatisch abgerufen werden. Das f\u00fchrt dazu, dass Du ohne viel Nachdenken auf die richtigen Verhaltensweisen zur\u00fcckgreifst und Deine Ziele mit Leichtigkeit erreichst.<\/p>\n\n            <p>Der Schl\u00fcssel zu stabilen Gewohnheiten liegt darin, regelm\u00e4\u00dfig kleine Schritte zu gehen und diese mit positiven Emotionen zu verbinden. So wird der \u00dcbergang von bewusster Anstrengung hin zu unbewusstem Verhalten zum nat\u00fcrlichen Prozess. Deine neuen Gewohnheiten werden sich fast von selbst entfalten, da Dein Gehirn mit der Zeit immer mehr positive Verbindungen zu diesen Handlungen aufbaut.<\/p>\n\n            <p>Nutze diesen Effekt, um Deine Ziele effizient und nachhaltig zu erreichen. Baue die Gewohnheiten, die Du in Deinem Leben sehen m\u00f6chtest, und lass Dein Unterbewusstsein die Arbeit f\u00fcr Dich erledigen. So wirst Du zu dem Menschen, der diese Gewohnheiten nicht nur hat, sondern lebt.<\/p>\n        <\/div>\n\n        <!-- Buttons -->\n        <div>\n            <a href=\"https:\/\/kraftquellen.mentaltraining.at\/\" class=\"button\">Zur\u00fcck zur Startseite<\/a>\n            <a href=\"https:\/\/mentaltraining.at\/\" class=\"button\">Zur Homepage<\/a>\n        <\/div>\n    <\/section>\n\n<\/body>\n<\/html>\n\t\t\t\t<\/div>\n\t\t\t\t<\/div>\n\t\t\t\t\t<\/div>\n\t\t\t\t<\/div>\n\t\t\t\t<\/div>\n\t\t","protected":false},"excerpt":{"rendered":"<p>Stabile Gewohnheiten Stabile Gewohnheiten: Dein Weg zu unterbewussten Autopilot-Programmen Wie Du Gewohnheiten entwickelst, die sich wie von selbst entfalten Stell [&hellip;]<\/p>\n","protected":false},"author":1,"featured_media":0,"parent":0,"menu_order":0,"comment_status":"closed","ping_status":"closed","template":"","meta":{"saved_in_kubio":false,"_monsterinsights_skip_tracking":false,"_monsterinsights_sitenote_active":false,"_monsterinsights_sitenote_note":"","_monsterinsights_sitenote_category":0,"site-sidebar-layout":"default","site-content-layout":"","ast-site-content-layout":"default","site-content-style":"default","site-sidebar-style":"default","ast-global-header-display":"","ast-banner-title-visibility":"","ast-main-header-display":"","ast-hfb-above-header-display":"","ast-hfb-below-header-display":"","ast-hfb-mobile-header-display":"","site-post-title":"","ast-breadcrumbs-content":"","ast-featured-img":"","footer-sml-layout":"","theme-transparent-header-meta":"","adv-header-id-meta":"","stick-header-meta":"","header-above-stick-meta":"","header-main-stick-meta":"","header-below-stick-meta":"","astra-migrate-meta-layouts":"default","ast-page-background-enabled":"default","ast-page-background-meta":{"desktop":{"background-color":"var(--ast-global-color-5)","background-image":"","background-repeat":"repeat","background-position":"center center","background-size":"auto","background-attachment":"scroll","background-type":"","background-media":"","overlay-type":"","overlay-color":"","overlay-opacity":"","overlay-gradient":""},"tablet":{"background-color":"","background-image":"","background-repeat":"repeat","background-position":"center center","background-size":"auto","background-attachment":"scroll","background-type":"","background-media":"","overlay-type":"","overlay-color":"","overlay-opacity":"","overlay-gradient":""},"mobile":{"background-color":"","background-image":"","background-repeat":"repeat","background-position":"center center","background-size":"auto","background-attachment":"scroll","background-type":"","background-media":"","overlay-type":"","overlay-color":"","overlay-opacity":"","overlay-gradient":""}},"ast-content-background-meta":{"desktop":{"background-color":"var(--ast-global-color-4)","background-image":"","background-repeat":"repeat","background-position":"center center","background-size":"auto","background-attachment":"scroll","background-type":"","background-media":"","overlay-type":"","overlay-color":"","overlay-opacity":"","overlay-gradient":""},"tablet":{"background-color":"var(--ast-global-color-4)","background-image":"","background-repeat":"repeat","background-position":"center center","background-size":"auto","background-attachment":"scroll","background-type":"","background-media":"","overlay-type":"","overlay-color":"","overlay-opacity":"","overlay-gradient":""},"mobile":{"background-color":"var(--ast-global-color-4)","background-image":"","background-repeat":"repeat","background-position":"center center","background-size":"auto","background-attachment":"scroll","background-type":"","background-media":"","overlay-type":"","overlay-color":"","overlay-opacity":"","overlay-gradient":""}},"footnotes":""},"class_list":["post-257","page","type-page","status-publish","hentry"],"kubio_ai_page_context":{"short_desc":"","purpose":"general"},"yoast_head":"<!-- This site is optimized with the Yoast SEO plugin v26.9 - https:\/\/yoast.com\/product\/yoast-seo-wordpress\/ -->\n<title>Stabile Gewohnheiten - \ud83c\udf3f Vom Wunsch zur Verwirklichung<\/title>\n<meta name=\"robots\" content=\"index, follow, max-snippet:-1, max-image-preview:large, max-video-preview:-1\" \/>\n<link rel=\"canonical\" href=\"https:\/\/kraftquellen.mentaltraining.at\/?page_id=257\" \/>\n<meta property=\"og:locale\" content=\"de_DE\" \/>\n<meta property=\"og:type\" content=\"article\" \/>\n<meta property=\"og:title\" content=\"Stabile Gewohnheiten - \ud83c\udf3f Vom Wunsch zur Verwirklichung\" \/>\n<meta property=\"og:description\" content=\"Stabile Gewohnheiten Stabile Gewohnheiten: Dein Weg zu unterbewussten Autopilot-Programmen Wie Du Gewohnheiten entwickelst, die sich wie von selbst entfalten Stell [&hellip;]\" \/>\n<meta property=\"og:url\" content=\"https:\/\/kraftquellen.mentaltraining.at\/?page_id=257\" \/>\n<meta property=\"og:site_name\" content=\"\ud83c\udf3f Vom Wunsch zur Verwirklichung\" \/>\n<meta property=\"article:modified_time\" content=\"2025-05-02T17:25:40+00:00\" \/>\n<meta name=\"twitter:card\" content=\"summary_large_image\" \/>\n<meta name=\"twitter:label1\" content=\"Gesch\u00e4tzte Lesezeit\" \/>\n\t<meta name=\"twitter:data1\" content=\"2\u00a0Minuten\" \/>\n<script type=\"application\/ld+json\" class=\"yoast-schema-graph\">{\"@context\":\"https:\/\/schema.org\",\"@graph\":[{\"@type\":\"WebPage\",\"@id\":\"https:\/\/kraftquellen.mentaltraining.at\/?page_id=257\",\"url\":\"https:\/\/kraftquellen.mentaltraining.at\/?page_id=257\",\"name\":\"Stabile Gewohnheiten - \ud83c\udf3f Vom Wunsch zur Verwirklichung\",\"isPartOf\":{\"@id\":\"https:\/\/kraftquellen.mentaltraining.at\/#website\"},\"datePublished\":\"2025-05-02T17:24:47+00:00\",\"dateModified\":\"2025-05-02T17:25:40+00:00\",\"breadcrumb\":{\"@id\":\"https:\/\/kraftquellen.mentaltraining.at\/?page_id=257#breadcrumb\"},\"inLanguage\":\"de\",\"potentialAction\":[{\"@type\":\"ReadAction\",\"target\":[\"https:\/\/kraftquellen.mentaltraining.at\/?page_id=257\"]}]},{\"@type\":\"BreadcrumbList\",\"@id\":\"https:\/\/kraftquellen.mentaltraining.at\/?page_id=257#breadcrumb\",\"itemListElement\":[{\"@type\":\"ListItem\",\"position\":1,\"name\":\"Startseite\",\"item\":\"https:\/\/kraftquellen.mentaltraining.at\/\"},{\"@type\":\"ListItem\",\"position\":2,\"name\":\"Stabile Gewohnheiten\"}]},{\"@type\":\"WebSite\",\"@id\":\"https:\/\/kraftquellen.mentaltraining.at\/#website\",\"url\":\"https:\/\/kraftquellen.mentaltraining.at\/\",\"name\":\"\ud83c\udf3f Vom Wunsch zur Verwirklichung\",\"description\":\"Verborgene Ressourcen entdecken und in deine Kraft kommen\",\"publisher\":{\"@id\":\"https:\/\/kraftquellen.mentaltraining.at\/#organization\"},\"potentialAction\":[{\"@type\":\"SearchAction\",\"target\":{\"@type\":\"EntryPoint\",\"urlTemplate\":\"https:\/\/kraftquellen.mentaltraining.at\/?s={search_term_string}\"},\"query-input\":{\"@type\":\"PropertyValueSpecification\",\"valueRequired\":true,\"valueName\":\"search_term_string\"}}],\"inLanguage\":\"de\"},{\"@type\":\"Organization\",\"@id\":\"https:\/\/kraftquellen.mentaltraining.at\/#organization\",\"name\":\"\ud83c\udf3f Vom Wunsch zur Verwirklichung\",\"url\":\"https:\/\/kraftquellen.mentaltraining.at\/\",\"logo\":{\"@type\":\"ImageObject\",\"inLanguage\":\"de\",\"@id\":\"https:\/\/kraftquellen.mentaltraining.at\/#\/schema\/logo\/image\/\",\"url\":\"https:\/\/kraftquellen.mentaltraining.at\/wp-content\/uploads\/2025\/05\/cropped-cropped-cropped-mental-1.jpeg\",\"contentUrl\":\"https:\/\/kraftquellen.mentaltraining.at\/wp-content\/uploads\/2025\/05\/cropped-cropped-cropped-mental-1.jpeg\",\"width\":512,\"height\":512,\"caption\":\"\ud83c\udf3f Vom Wunsch zur Verwirklichung\"},\"image\":{\"@id\":\"https:\/\/kraftquellen.mentaltraining.at\/#\/schema\/logo\/image\/\"}}]}<\/script>\n<!-- \/ Yoast SEO plugin. -->","yoast_head_json":{"title":"Stabile Gewohnheiten - \ud83c\udf3f Vom Wunsch zur Verwirklichung","robots":{"index":"index","follow":"follow","max-snippet":"max-snippet:-1","max-image-preview":"max-image-preview:large","max-video-preview":"max-video-preview:-1"},"canonical":"https:\/\/kraftquellen.mentaltraining.at\/?page_id=257","og_locale":"de_DE","og_type":"article","og_title":"Stabile Gewohnheiten - \ud83c\udf3f Vom Wunsch zur Verwirklichung","og_description":"Stabile Gewohnheiten Stabile Gewohnheiten: Dein Weg zu unterbewussten Autopilot-Programmen Wie Du Gewohnheiten entwickelst, die sich wie von selbst entfalten Stell [&hellip;]","og_url":"https:\/\/kraftquellen.mentaltraining.at\/?page_id=257","og_site_name":"\ud83c\udf3f Vom Wunsch zur Verwirklichung","article_modified_time":"2025-05-02T17:25:40+00:00","twitter_card":"summary_large_image","twitter_misc":{"Gesch\u00e4tzte Lesezeit":"2\u00a0Minuten"},"schema":{"@context":"https:\/\/schema.org","@graph":[{"@type":"WebPage","@id":"https:\/\/kraftquellen.mentaltraining.at\/?page_id=257","url":"https:\/\/kraftquellen.mentaltraining.at\/?page_id=257","name":"Stabile Gewohnheiten - \ud83c\udf3f Vom Wunsch zur Verwirklichung","isPartOf":{"@id":"https:\/\/kraftquellen.mentaltraining.at\/#website"},"datePublished":"2025-05-02T17:24:47+00:00","dateModified":"2025-05-02T17:25:40+00:00","breadcrumb":{"@id":"https:\/\/kraftquellen.mentaltraining.at\/?page_id=257#breadcrumb"},"inLanguage":"de","potentialAction":[{"@type":"ReadAction","target":["https:\/\/kraftquellen.mentaltraining.at\/?page_id=257"]}]},{"@type":"BreadcrumbList","@id":"https:\/\/kraftquellen.mentaltraining.at\/?page_id=257#breadcrumb","itemListElement":[{"@type":"ListItem","position":1,"name":"Startseite","item":"https:\/\/kraftquellen.mentaltraining.at\/"},{"@type":"ListItem","position":2,"name":"Stabile Gewohnheiten"}]},{"@type":"WebSite","@id":"https:\/\/kraftquellen.mentaltraining.at\/#website","url":"https:\/\/kraftquellen.mentaltraining.at\/","name":"\ud83c\udf3f Vom Wunsch zur Verwirklichung","description":"Verborgene Ressourcen entdecken und in deine Kraft kommen","publisher":{"@id":"https:\/\/kraftquellen.mentaltraining.at\/#organization"},"potentialAction":[{"@type":"SearchAction","target":{"@type":"EntryPoint","urlTemplate":"https:\/\/kraftquellen.mentaltraining.at\/?s={search_term_string}"},"query-input":{"@type":"PropertyValueSpecification","valueRequired":true,"valueName":"search_term_string"}}],"inLanguage":"de"},{"@type":"Organization","@id":"https:\/\/kraftquellen.mentaltraining.at\/#organization","name":"\ud83c\udf3f Vom Wunsch zur Verwirklichung","url":"https:\/\/kraftquellen.mentaltraining.at\/","logo":{"@type":"ImageObject","inLanguage":"de","@id":"https:\/\/kraftquellen.mentaltraining.at\/#\/schema\/logo\/image\/","url":"https:\/\/kraftquellen.mentaltraining.at\/wp-content\/uploads\/2025\/05\/cropped-cropped-cropped-mental-1.jpeg","contentUrl":"https:\/\/kraftquellen.mentaltraining.at\/wp-content\/uploads\/2025\/05\/cropped-cropped-cropped-mental-1.jpeg","width":512,"height":512,"caption":"\ud83c\udf3f Vom Wunsch zur Verwirklichung"},"image":{"@id":"https:\/\/kraftquellen.mentaltraining.at\/#\/schema\/logo\/image\/"}}]}},"_links":{"self":[{"href":"https:\/\/kraftquellen.mentaltraining.at\/index.php?rest_route=\/wp\/v2\/pages\/257","targetHints":{"allow":["GET"]}}],"collection":[{"href":"https:\/\/kraftquellen.mentaltraining.at\/index.php?rest_route=\/wp\/v2\/pages"}],"about":[{"href":"https:\/\/kraftquellen.mentaltraining.at\/index.php?rest_route=\/wp\/v2\/types\/page"}],"author":[{"embeddable":true,"href":"https:\/\/kraftquellen.mentaltraining.at\/index.php?rest_route=\/wp\/v2\/users\/1"}],"replies":[{"embeddable":true,"href":"https:\/\/kraftquellen.mentaltraining.at\/index.php?rest_route=%2Fwp%2Fv2%2Fcomments&post=257"}],"version-history":[{"count":7,"href":"https:\/\/kraftquellen.mentaltraining.at\/index.php?rest_route=\/wp\/v2\/pages\/257\/revisions"}],"predecessor-version":[{"id":264,"href":"https:\/\/kraftquellen.mentaltraining.at\/index.php?rest_route=\/wp\/v2\/pages\/257\/revisions\/264"}],"wp:attachment":[{"href":"https:\/\/kraftquellen.mentaltraining.at\/index.php?rest_route=%2Fwp%2Fv2%2Fmedia&parent=257"}],"curies":[{"name":"wp","href":"https:\/\/api.w.org\/{rel}","templated":true}]}}