{"id":281,"date":"2025-05-02T17:29:33","date_gmt":"2025-05-02T17:29:33","guid":{"rendered":"https:\/\/kraftquellen.mentaltraining.at\/?page_id=281"},"modified":"2025-05-02T20:01:31","modified_gmt":"2025-05-02T20:01:31","slug":"die-wissenschaft-des-gewohnheitsaufbaus","status":"publish","type":"page","link":"https:\/\/kraftquellen.mentaltraining.at\/?page_id=281","title":{"rendered":"Die Wissenschaft des Gewohnheitsaufbaus"},"content":{"rendered":"\t\t<div data-elementor-type=\"wp-page\" data-elementor-id=\"281\" class=\"elementor elementor-281\">\n\t\t\t\t<div class=\"elementor-element elementor-element-aa359df e-flex e-con-boxed e-con e-parent\" data-id=\"aa359df\" data-element_type=\"container\" data-e-type=\"container\">\n\t\t\t\t\t<div class=\"e-con-inner\">\n\t\t\t\t<div class=\"elementor-element elementor-element-d92d2f1 elementor-widget elementor-widget-html\" data-id=\"d92d2f1\" data-element_type=\"widget\" data-e-type=\"widget\" data-widget_type=\"html.default\">\n\t\t\t\t<div class=\"elementor-widget-container\">\n\t\t\t\t\t<!DOCTYPE html>\n<html lang=\"de\">\n<head>\n    <meta charset=\"UTF-8\">\n    <meta name=\"viewport\" content=\"width=device-width, initial-scale=1.0\">\n    <title>Die Wissenschaft des Gewohnheitsaufbaus<\/title>\n    <style>\n        \/* Schriftarten *\/\n        @import url('https:\/\/fonts.googleapis.com\/css2?family=Playfair+Display&family=Muli&family=Lato&family=Lora&family=Montserrat&family=Open+Sans&family=Georgia+Pro+Condensed&display=swap');\n\n        body {\n            font-family: 'Open Sans', sans-serif;\n            color: #4edad9;\n            background-color: #f4f4f4;\n            margin: 0;\n            padding: 0;\n        }\n\n        h1 {\n            font-family: 'Montserrat', sans-serif;\n            font-size: 28px;\n            color: #b65c43; \/* St\u00e4rkere Farbe f\u00fcr den Titel *\/\n            margin-top: 20px;\n        }\n\n        h2 {\n            font-family: 'Playfair Display', serif;\n            font-size: 22px;\n            color: #b65c43; \/* St\u00e4rkere Farbe f\u00fcr die Zwischen\u00fcberschrift *\/\n            margin-top: 15px;\n        }\n\n        .teaser {\n            font-family: 'Lato', sans-serif;\n            font-size: 18px;\n            color: #006f6a;\n            line-height: 1.5;\n            margin: 20px;\n        }\n\n        .highlight {\n            color: #b65c43;\n            font-weight: bold;\n        }\n\n        .button {\n            background-color: #006f6a;\n            color: white;\n            padding: 10px 20px;\n            font-size: 18px;\n            font-family: 'Muli', sans-serif;\n            text-align: center;\n            text-decoration: none;\n            border-radius: 5px;\n            display: inline-block;\n            margin: 20px 10px;\n            transition: background-color 0.3s;\n        }\n\n        .button:hover {\n            background-color: #4edad9;\n        }\n\n        .neuroplastizitaet {\n            color: #b65c43;\n            font-weight: bold;\n        }\n\n        .dopamin {\n            color: #4edad9;\n            font-weight: bold;\n        }\n\n        .repetitionsprinzip {\n            color: #006f6a;\n            font-weight: bold;\n        }\n    <\/style>\n<\/head>\n<body>\n\n    <section>\n        <h1>Die Wissenschaft des Gewohnheitsaufbaus<\/h1>\n        <h2>Wie kannst Du neue Gewohnheiten wirklich verankern?<\/h2>\n        <div class=\"teaser\">\n            Erfahre, wie Du Dein Power\u2011Flow\u2011Ritual mit Hilfe neurowissenschaftlicher Erkenntnisse so in Deinen Alltag integrierst, dass es nicht nur zu einer Phase, sondern zu einer festen, langfristigen Gewohnheit wird. Wir zeigen Dir die Geheimnisse des Gewohnheitsaufbaus und wie Du die richtige Balance zwischen Wiederholung und Belohnung findest, um Deine Motivation dauerhaft zu steigern.\n        <\/div>\n\n        <div>\n            <p>Hast Du Dich schon einmal gefragt, warum es so schwer ist, neue Gewohnheiten langfristig in den Alltag zu integrieren? Die Antwort liegt in den Mechanismen, die das Gehirn nutzt, um Gewohnheiten zu verankern. In diesem Kapitel zeigen wir Dir, wie Du mit neurowissenschaftlichen Erkenntnissen Dein Power-Flow-Ritual zu einer festen Gewohnheit machst \u2013 eine Gewohnheit, die nicht nur eine Phase bleibt, sondern dauerhaft in Deinem Leben integriert wird.<\/p>\n\n            <p>Die Grundlage des Gewohnheitsaufbaus liegt in der <span class=\"neuroplastizitaet\">Neuroplastizit\u00e4t<\/span> \u2013 der F\u00e4higkeit des Gehirns, sich durch wiederholte Handlungen neu zu strukturieren. Wenn Du Dein Power-Flow-Ritual regelm\u00e4\u00dfig ausf\u00fchrst, entsteht im Gehirn ein fest verkn\u00fcpftes Netzwerk, das die Handlungen fast automatisch ablaufen l\u00e4sst. Die Herausforderung ist jedoch, wie Du das Ritual von einer \u201eneuen\u201c zu einer \u201eetablierten\u201c Gewohnheit machst, die keine bewusste Anstrengung mehr ben\u00f6tigt.<\/p>\n\n            <p>Ein entscheidender Aspekt dabei ist die Balance zwischen Wiederholung und Belohnung. Das Gehirn liebt Belohnungen und nutzt <span class=\"dopamin\">Dopamin<\/span>, um uns f\u00fcr gutes Verhalten zu belohnen. Indem Du Dir kleine Belohnungen f\u00fcr die regelm\u00e4\u00dfige Durchf\u00fchrung Deines Rituals setzt, kannst Du die Motivation dauerhaft aufrechterhalten und den Prozess des Gewohnheitsaufbaus beschleunigen. Hier zeigen wir Dir, wie Du mit kleinen, gezielten Belohnungen Dein Ritual immer wieder attraktiv machst.<\/p>\n\n            <p>Ein weiterer Schl\u00fcssel ist das <span class=\"repetitionsprinzip\">Repetitionsprinzip<\/span>: Je \u00f6fter Du eine Handlung wiederholst, desto st\u00e4rker wird die Verkn\u00fcpfung im Gehirn. Doch nicht jede Wiederholung ist gleich effektiv. Die Geheimnisse der Wiederholung und wie Du sie so einsetzt, dass sie Deine Gewohnheiten festigt und verst\u00e4rkt, werden wir ebenfalls enth\u00fcllen. Wir zeigen Dir, wie Du Dein Ritual schrittweise in Deinen Alltag integrierst, ohne dass es zu einer Belastung wird.<\/p>\n\n            <p>Wenn Du die wissenschaftlichen Prinzipien des Gewohnheitsaufbaus verstehst und gezielt anwendest, wirst Du feststellen, dass Dein Power-Flow-Ritual mit der Zeit immer mehr zu einem automatisierten Teil Deines Tages wird. Bist Du bereit, Deine neue Gewohnheit auf eine tiefere Ebene zu heben und Deine Motivation langfristig zu steigern? Dann tauche ein in die Neurowissenschaften und finde heraus, wie Du Dein Ritual zur festen Gewohnheit machst!<\/p>\n        <\/div>\n\n        <!-- Buttons -->\n        <div>\n            <a href=\"https:\/\/kraftquellen.mentaltraining.at\/\" class=\"button\">Zur\u00fcck zur Startseite<\/a>\n            <a href=\"https:\/\/mentaltraining.at\/\" class=\"button\">Zur Homepage<\/a>\n        <\/div>\n    <\/section>\n\n<\/body>\n<\/html>\n\t\t\t\t<\/div>\n\t\t\t\t<\/div>\n\t\t\t\t\t<\/div>\n\t\t\t\t<\/div>\n\t\t\t\t<\/div>\n\t\t","protected":false},"excerpt":{"rendered":"<p>Die Wissenschaft des Gewohnheitsaufbaus Die Wissenschaft des Gewohnheitsaufbaus Wie kannst Du neue Gewohnheiten wirklich verankern? Erfahre, wie Du Dein Power\u2011Flow\u2011Ritual [&hellip;]<\/p>\n","protected":false},"author":1,"featured_media":0,"parent":0,"menu_order":0,"comment_status":"closed","ping_status":"closed","template":"","meta":{"saved_in_kubio":false,"_monsterinsights_skip_tracking":false,"_monsterinsights_sitenote_active":false,"_monsterinsights_sitenote_note":"","_monsterinsights_sitenote_category":0,"site-sidebar-layout":"default","site-content-layout":"","ast-site-content-layout":"default","site-content-style":"default","site-sidebar-style":"default","ast-global-header-display":"","ast-banner-title-visibility":"","ast-main-header-display":"","ast-hfb-above-header-display":"","ast-hfb-below-header-display":"","ast-hfb-mobile-header-display":"","site-post-title":"","ast-breadcrumbs-content":"","ast-featured-img":"","footer-sml-layout":"","theme-transparent-header-meta":"","adv-header-id-meta":"","stick-header-meta":"","header-above-stick-meta":"","header-main-stick-meta":"","header-below-stick-meta":"","astra-migrate-meta-layouts":"default","ast-page-background-enabled":"default","ast-page-background-meta":{"desktop":{"background-color":"var(--ast-global-color-5)","background-image":"","background-repeat":"repeat","background-position":"center center","background-size":"auto","background-attachment":"scroll","background-type":"","background-media":"","overlay-type":"","overlay-color":"","overlay-opacity":"","overlay-gradient":""},"tablet":{"background-color":"","background-image":"","background-repeat":"repeat","background-position":"center center","background-size":"auto","background-attachment":"scroll","background-type":"","background-media":"","overlay-type":"","overlay-color":"","overlay-opacity":"","overlay-gradient":""},"mobile":{"background-color":"","background-image":"","background-repeat":"repeat","background-position":"center center","background-size":"auto","background-attachment":"scroll","background-type":"","background-media":"","overlay-type":"","overlay-color":"","overlay-opacity":"","overlay-gradient":""}},"ast-content-background-meta":{"desktop":{"background-color":"var(--ast-global-color-4)","background-image":"","background-repeat":"repeat","background-position":"center center","background-size":"auto","background-attachment":"scroll","background-type":"","background-media":"","overlay-type":"","overlay-color":"","overlay-opacity":"","overlay-gradient":""},"tablet":{"background-color":"var(--ast-global-color-4)","background-image":"","background-repeat":"repeat","background-position":"center center","background-size":"auto","background-attachment":"scroll","background-type":"","background-media":"","overlay-type":"","overlay-color":"","overlay-opacity":"","overlay-gradient":""},"mobile":{"background-color":"var(--ast-global-color-4)","background-image":"","background-repeat":"repeat","background-position":"center center","background-size":"auto","background-attachment":"scroll","background-type":"","background-media":"","overlay-type":"","overlay-color":"","overlay-opacity":"","overlay-gradient":""}},"footnotes":""},"class_list":["post-281","page","type-page","status-publish","hentry"],"kubio_ai_page_context":{"short_desc":"","purpose":"general"},"yoast_head":"<!-- This site is optimized with the Yoast SEO plugin v26.9 - https:\/\/yoast.com\/product\/yoast-seo-wordpress\/ -->\n<title>Die Wissenschaft des Gewohnheitsaufbaus - \ud83c\udf3f Vom Wunsch zur Verwirklichung<\/title>\n<meta name=\"robots\" content=\"index, follow, max-snippet:-1, max-image-preview:large, max-video-preview:-1\" \/>\n<link rel=\"canonical\" href=\"https:\/\/kraftquellen.mentaltraining.at\/?page_id=281\" \/>\n<meta property=\"og:locale\" content=\"de_DE\" \/>\n<meta property=\"og:type\" content=\"article\" \/>\n<meta property=\"og:title\" content=\"Die Wissenschaft des Gewohnheitsaufbaus - \ud83c\udf3f Vom Wunsch zur Verwirklichung\" \/>\n<meta property=\"og:description\" content=\"Die Wissenschaft des Gewohnheitsaufbaus Die Wissenschaft des Gewohnheitsaufbaus Wie kannst Du neue Gewohnheiten wirklich verankern? Erfahre, wie Du Dein Power\u2011Flow\u2011Ritual [&hellip;]\" \/>\n<meta property=\"og:url\" content=\"https:\/\/kraftquellen.mentaltraining.at\/?page_id=281\" \/>\n<meta property=\"og:site_name\" content=\"\ud83c\udf3f Vom Wunsch zur Verwirklichung\" \/>\n<meta property=\"article:modified_time\" content=\"2025-05-02T20:01:31+00:00\" \/>\n<meta name=\"twitter:card\" content=\"summary_large_image\" \/>\n<meta name=\"twitter:label1\" content=\"Gesch\u00e4tzte Lesezeit\" \/>\n\t<meta name=\"twitter:data1\" content=\"3\u00a0Minuten\" \/>\n<script type=\"application\/ld+json\" class=\"yoast-schema-graph\">{\"@context\":\"https:\/\/schema.org\",\"@graph\":[{\"@type\":\"WebPage\",\"@id\":\"https:\/\/kraftquellen.mentaltraining.at\/?page_id=281\",\"url\":\"https:\/\/kraftquellen.mentaltraining.at\/?page_id=281\",\"name\":\"Die Wissenschaft des Gewohnheitsaufbaus - \ud83c\udf3f Vom Wunsch zur Verwirklichung\",\"isPartOf\":{\"@id\":\"https:\/\/kraftquellen.mentaltraining.at\/#website\"},\"datePublished\":\"2025-05-02T17:29:33+00:00\",\"dateModified\":\"2025-05-02T20:01:31+00:00\",\"breadcrumb\":{\"@id\":\"https:\/\/kraftquellen.mentaltraining.at\/?page_id=281#breadcrumb\"},\"inLanguage\":\"de\",\"potentialAction\":[{\"@type\":\"ReadAction\",\"target\":[\"https:\/\/kraftquellen.mentaltraining.at\/?page_id=281\"]}]},{\"@type\":\"BreadcrumbList\",\"@id\":\"https:\/\/kraftquellen.mentaltraining.at\/?page_id=281#breadcrumb\",\"itemListElement\":[{\"@type\":\"ListItem\",\"position\":1,\"name\":\"Startseite\",\"item\":\"https:\/\/kraftquellen.mentaltraining.at\/\"},{\"@type\":\"ListItem\",\"position\":2,\"name\":\"Die Wissenschaft des Gewohnheitsaufbaus\"}]},{\"@type\":\"WebSite\",\"@id\":\"https:\/\/kraftquellen.mentaltraining.at\/#website\",\"url\":\"https:\/\/kraftquellen.mentaltraining.at\/\",\"name\":\"\ud83c\udf3f Vom Wunsch zur Verwirklichung\",\"description\":\"Verborgene Ressourcen entdecken und in deine Kraft kommen\",\"publisher\":{\"@id\":\"https:\/\/kraftquellen.mentaltraining.at\/#organization\"},\"potentialAction\":[{\"@type\":\"SearchAction\",\"target\":{\"@type\":\"EntryPoint\",\"urlTemplate\":\"https:\/\/kraftquellen.mentaltraining.at\/?s={search_term_string}\"},\"query-input\":{\"@type\":\"PropertyValueSpecification\",\"valueRequired\":true,\"valueName\":\"search_term_string\"}}],\"inLanguage\":\"de\"},{\"@type\":\"Organization\",\"@id\":\"https:\/\/kraftquellen.mentaltraining.at\/#organization\",\"name\":\"\ud83c\udf3f Vom Wunsch zur Verwirklichung\",\"url\":\"https:\/\/kraftquellen.mentaltraining.at\/\",\"logo\":{\"@type\":\"ImageObject\",\"inLanguage\":\"de\",\"@id\":\"https:\/\/kraftquellen.mentaltraining.at\/#\/schema\/logo\/image\/\",\"url\":\"https:\/\/kraftquellen.mentaltraining.at\/wp-content\/uploads\/2025\/05\/cropped-cropped-cropped-mental-1.jpeg\",\"contentUrl\":\"https:\/\/kraftquellen.mentaltraining.at\/wp-content\/uploads\/2025\/05\/cropped-cropped-cropped-mental-1.jpeg\",\"width\":512,\"height\":512,\"caption\":\"\ud83c\udf3f Vom Wunsch zur Verwirklichung\"},\"image\":{\"@id\":\"https:\/\/kraftquellen.mentaltraining.at\/#\/schema\/logo\/image\/\"}}]}<\/script>\n<!-- \/ Yoast SEO plugin. -->","yoast_head_json":{"title":"Die Wissenschaft des Gewohnheitsaufbaus - \ud83c\udf3f Vom Wunsch zur Verwirklichung","robots":{"index":"index","follow":"follow","max-snippet":"max-snippet:-1","max-image-preview":"max-image-preview:large","max-video-preview":"max-video-preview:-1"},"canonical":"https:\/\/kraftquellen.mentaltraining.at\/?page_id=281","og_locale":"de_DE","og_type":"article","og_title":"Die Wissenschaft des Gewohnheitsaufbaus - \ud83c\udf3f Vom Wunsch zur Verwirklichung","og_description":"Die Wissenschaft des Gewohnheitsaufbaus Die Wissenschaft des Gewohnheitsaufbaus Wie kannst Du neue Gewohnheiten wirklich verankern? Erfahre, wie Du Dein Power\u2011Flow\u2011Ritual [&hellip;]","og_url":"https:\/\/kraftquellen.mentaltraining.at\/?page_id=281","og_site_name":"\ud83c\udf3f Vom Wunsch zur Verwirklichung","article_modified_time":"2025-05-02T20:01:31+00:00","twitter_card":"summary_large_image","twitter_misc":{"Gesch\u00e4tzte Lesezeit":"3\u00a0Minuten"},"schema":{"@context":"https:\/\/schema.org","@graph":[{"@type":"WebPage","@id":"https:\/\/kraftquellen.mentaltraining.at\/?page_id=281","url":"https:\/\/kraftquellen.mentaltraining.at\/?page_id=281","name":"Die Wissenschaft des Gewohnheitsaufbaus - \ud83c\udf3f Vom Wunsch zur Verwirklichung","isPartOf":{"@id":"https:\/\/kraftquellen.mentaltraining.at\/#website"},"datePublished":"2025-05-02T17:29:33+00:00","dateModified":"2025-05-02T20:01:31+00:00","breadcrumb":{"@id":"https:\/\/kraftquellen.mentaltraining.at\/?page_id=281#breadcrumb"},"inLanguage":"de","potentialAction":[{"@type":"ReadAction","target":["https:\/\/kraftquellen.mentaltraining.at\/?page_id=281"]}]},{"@type":"BreadcrumbList","@id":"https:\/\/kraftquellen.mentaltraining.at\/?page_id=281#breadcrumb","itemListElement":[{"@type":"ListItem","position":1,"name":"Startseite","item":"https:\/\/kraftquellen.mentaltraining.at\/"},{"@type":"ListItem","position":2,"name":"Die Wissenschaft des Gewohnheitsaufbaus"}]},{"@type":"WebSite","@id":"https:\/\/kraftquellen.mentaltraining.at\/#website","url":"https:\/\/kraftquellen.mentaltraining.at\/","name":"\ud83c\udf3f Vom Wunsch zur Verwirklichung","description":"Verborgene Ressourcen entdecken und in deine Kraft kommen","publisher":{"@id":"https:\/\/kraftquellen.mentaltraining.at\/#organization"},"potentialAction":[{"@type":"SearchAction","target":{"@type":"EntryPoint","urlTemplate":"https:\/\/kraftquellen.mentaltraining.at\/?s={search_term_string}"},"query-input":{"@type":"PropertyValueSpecification","valueRequired":true,"valueName":"search_term_string"}}],"inLanguage":"de"},{"@type":"Organization","@id":"https:\/\/kraftquellen.mentaltraining.at\/#organization","name":"\ud83c\udf3f Vom Wunsch zur Verwirklichung","url":"https:\/\/kraftquellen.mentaltraining.at\/","logo":{"@type":"ImageObject","inLanguage":"de","@id":"https:\/\/kraftquellen.mentaltraining.at\/#\/schema\/logo\/image\/","url":"https:\/\/kraftquellen.mentaltraining.at\/wp-content\/uploads\/2025\/05\/cropped-cropped-cropped-mental-1.jpeg","contentUrl":"https:\/\/kraftquellen.mentaltraining.at\/wp-content\/uploads\/2025\/05\/cropped-cropped-cropped-mental-1.jpeg","width":512,"height":512,"caption":"\ud83c\udf3f Vom Wunsch zur Verwirklichung"},"image":{"@id":"https:\/\/kraftquellen.mentaltraining.at\/#\/schema\/logo\/image\/"}}]}},"_links":{"self":[{"href":"https:\/\/kraftquellen.mentaltraining.at\/index.php?rest_route=\/wp\/v2\/pages\/281","targetHints":{"allow":["GET"]}}],"collection":[{"href":"https:\/\/kraftquellen.mentaltraining.at\/index.php?rest_route=\/wp\/v2\/pages"}],"about":[{"href":"https:\/\/kraftquellen.mentaltraining.at\/index.php?rest_route=\/wp\/v2\/types\/page"}],"author":[{"embeddable":true,"href":"https:\/\/kraftquellen.mentaltraining.at\/index.php?rest_route=\/wp\/v2\/users\/1"}],"replies":[{"embeddable":true,"href":"https:\/\/kraftquellen.mentaltraining.at\/index.php?rest_route=%2Fwp%2Fv2%2Fcomments&post=281"}],"version-history":[{"count":10,"href":"https:\/\/kraftquellen.mentaltraining.at\/index.php?rest_route=\/wp\/v2\/pages\/281\/revisions"}],"predecessor-version":[{"id":448,"href":"https:\/\/kraftquellen.mentaltraining.at\/index.php?rest_route=\/wp\/v2\/pages\/281\/revisions\/448"}],"wp:attachment":[{"href":"https:\/\/kraftquellen.mentaltraining.at\/index.php?rest_route=%2Fwp%2Fv2%2Fmedia&parent=281"}],"curies":[{"name":"wp","href":"https:\/\/api.w.org\/{rel}","templated":true}]}}