{"id":290,"date":"2025-05-02T17:31:59","date_gmt":"2025-05-02T17:31:59","guid":{"rendered":"https:\/\/kraftquellen.mentaltraining.at\/?page_id=290"},"modified":"2025-05-02T20:11:54","modified_gmt":"2025-05-02T20:11:54","slug":"die-kraft-der-visualisierung","status":"publish","type":"page","link":"https:\/\/kraftquellen.mentaltraining.at\/?page_id=290","title":{"rendered":"Die Kraft der Visualisierung"},"content":{"rendered":"\t\t<div data-elementor-type=\"wp-page\" data-elementor-id=\"290\" class=\"elementor elementor-290\">\n\t\t\t\t<div class=\"elementor-element elementor-element-6776edf e-flex e-con-boxed e-con e-parent\" data-id=\"6776edf\" data-element_type=\"container\" data-e-type=\"container\">\n\t\t\t\t\t<div class=\"e-con-inner\">\n\t\t\t\t<div class=\"elementor-element elementor-element-c9accaa elementor-widget elementor-widget-html\" data-id=\"c9accaa\" data-element_type=\"widget\" data-e-type=\"widget\" data-widget_type=\"html.default\">\n\t\t\t\t<div class=\"elementor-widget-container\">\n\t\t\t\t\t<!DOCTYPE html>\n<html lang=\"de\">\n<head>\n    <meta charset=\"UTF-8\">\n    <meta name=\"viewport\" content=\"width=device-width, initial-scale=1.0\">\n    <title>Die Kraft der Visualisierung<\/title>\n    <style>\n        \/* Schriftarten *\/\n        @import url('https:\/\/fonts.googleapis.com\/css2?family=Playfair+Display&family=Muli&family=Lato&family=Lora&family=Montserrat&family=Open+Sans&family=Georgia+Pro+Condensed&display=swap');\n\n        body {\n            font-family: 'Open Sans', sans-serif;\n            color: #4edad9;\n            background-color: #f4f4f4;\n            margin: 0;\n            padding: 0;\n        }\n\n        h1 {\n            font-family: 'Montserrat', sans-serif;\n            font-size: 28px;\n            color: #b65c43; \/* St\u00e4rkere Farbe f\u00fcr den Titel *\/\n            margin-top: 20px;\n        }\n\n        h2 {\n            font-family: 'Playfair Display', serif;\n            font-size: 22px;\n            color: #b65c43; \/* St\u00e4rkere Farbe f\u00fcr die Zwischen\u00fcberschrift *\/\n            margin-top: 15px;\n        }\n\n        .teaser {\n            font-family: 'Lato', sans-serif;\n            font-size: 18px;\n            color: #006f6a;\n            line-height: 1.5;\n            margin: 20px;\n        }\n\n        .highlight {\n            color: #b65c43;\n            font-weight: bold;\n        }\n\n        .button {\n            background-color: #006f6a;\n            color: white;\n            padding: 10px 20px;\n            font-size: 18px;\n            font-family: 'Muli', sans-serif;\n            text-align: center;\n            text-decoration: none;\n            border-radius: 5px;\n            display: inline-block;\n            margin: 20px 10px;\n            transition: background-color 0.3s;\n        }\n\n        .button:hover {\n            background-color: #4edad9;\n        }\n    <\/style>\n<\/head>\n<body>\n\n    <section>\n        <h1>Die Kraft der Visualisierung<\/h1>\n        <h2>Wie Du mit Bildern Deinen Erfolg visualisierst und Deine Ziele schneller erreichst<\/h2>\n        <div class=\"teaser\">\n            In diesem Kapitel lernst Du, wie Visualisierungstechniken Dein Power\u2011Flow\u2011Ritual verst\u00e4rken k\u00f6nnen. Erlebe, wie Deine inneren Bilder das Unbewusste aktivieren und Dir helfen, Deine Ziele schneller zu manifestieren. Entdecke die wirkungsvollsten Visualisierungsstrategien, die Dich direkt zu Deinem Erfolg f\u00fchren \u2013 mit minimalem Aufwand und maximaler Wirkung!\n        <\/div>\n\n        <div>\n            <p>Stell Dir vor, Du gehst jeden Tag in Deinen Tag mit einem klaren, fokussierten Ziel vor Augen. Du siehst genau, was Du erreichen m\u00f6chtest und f\u00fchlst bereits den Erfolg in Deinem Inneren. Das ist die Kraft der Visualisierung \u2013 eine Technik, die nicht nur Sportler und erfolgreiche Unternehmer verwenden, sondern auch jeder, der seine Ziele effektiv und schnell erreichen m\u00f6chte.<\/p>\n\n            <p>In diesem Kapitel erf\u00e4hrst Du, wie Du Deine Visualisierungstechniken in Dein Power-Flow-Ritual integrierst, um Deine Ziele zu manifestieren. Visualisierung ist mehr als nur Vorstellungskraft \u2013 es ist ein m\u00e4chtiges Werkzeug, um Deine unbewussten Prozesse gezielt zu aktivieren. Indem Du Dir klare, lebendige Bilder von Deinem Erfolg machst, beeinflusst Du Deine Gedanken, Dein Verhalten und Deine Emotionen so, dass sie im Einklang mit Deinen Zielen stehen.<\/p>\n\n            <p>Wir zeigen Dir, wie Du Deine Visualisierungsf\u00e4higkeit schrittweise ausbaust und so mit minimalem Aufwand maximale Wirkung erzielst. Eine besonders kraftvolle Methode ist es, die Visualisierung in Dein Ritual zu integrieren \u2013 so wird sie nicht nur ein einmaliger \u201eTrick\u201c, sondern eine t\u00e4gliche Gewohnheit, die Dein Unterbewusstsein kontinuierlich auf Erfolg programmiert.<\/p>\n\n            <p>Au\u00dferdem werden wir die <span class=\"highlight\">neurowissenschaftlichen Grundlagen<\/span> hinter der Visualisierung aufdecken. Denn Dein Gehirn reagiert nicht nur auf das, was Du tats\u00e4chlich tust, sondern auch auf das, was Du Dir vorstellst. Mit der richtigen Visualisierungsstrategie aktivierst Du die richtigen Hirnregionen, die f\u00fcr Deine Motivation und Deinen Erfolg entscheidend sind.<\/p>\n\n            <p>Die besten Visualisierungen erzeugen <span class=\"highlight\">emotionale Klarheit<\/span> und stellen sicher, dass Du Deine Ziele nicht nur intellektuell verstehst, sondern sie auch emotional erlebst. Je mehr Du in Deinen Bildern eintauchst und sie mit starken Gef\u00fchlen verbindest, desto mehr wird Dein Gehirn die n\u00f6tigen Verbindungen herstellen, um den Erfolg tats\u00e4chlich zu manifestieren. Hier lernst Du, wie Du das machst!<\/p>\n\n            <p>Wenn Du bereit bist, Deine Ziele schneller zu erreichen und Deine Visualisierung auf das n\u00e4chste Level zu bringen, dann tauche jetzt in dieses Kapitel ein und entdecke die Techniken, die Du direkt in Deinem Power-Flow-Ritual anwenden kannst.<\/p>\n        <\/div>\n\n        <!-- Buttons -->\n        <div>\n            <a href=\"https:\/\/kraftquellen.mentaltraining.at\/\" class=\"button\">Zur\u00fcck zur Startseite<\/a>\n            <a href=\"https:\/\/mentaltraining.at\/\" class=\"button\">Zur Homepage<\/a>\n        <\/div>\n    <\/section>\n\n<\/body>\n<\/html>\n\t\t\t\t<\/div>\n\t\t\t\t<\/div>\n\t\t\t\t\t<\/div>\n\t\t\t\t<\/div>\n\t\t\t\t<\/div>\n\t\t","protected":false},"excerpt":{"rendered":"<p>Die Kraft der Visualisierung Die Kraft der Visualisierung Wie Du mit Bildern Deinen Erfolg visualisierst und Deine Ziele schneller erreichst [&hellip;]<\/p>\n","protected":false},"author":1,"featured_media":0,"parent":0,"menu_order":0,"comment_status":"closed","ping_status":"closed","template":"","meta":{"saved_in_kubio":false,"_monsterinsights_skip_tracking":false,"_monsterinsights_sitenote_active":false,"_monsterinsights_sitenote_note":"","_monsterinsights_sitenote_category":0,"site-sidebar-layout":"default","site-content-layout":"","ast-site-content-layout":"default","site-content-style":"default","site-sidebar-style":"default","ast-global-header-display":"","ast-banner-title-visibility":"","ast-main-header-display":"","ast-hfb-above-header-display":"","ast-hfb-below-header-display":"","ast-hfb-mobile-header-display":"","site-post-title":"","ast-breadcrumbs-content":"","ast-featured-img":"","footer-sml-layout":"","theme-transparent-header-meta":"","adv-header-id-meta":"","stick-header-meta":"","header-above-stick-meta":"","header-main-stick-meta":"","header-below-stick-meta":"","astra-migrate-meta-layouts":"default","ast-page-background-enabled":"default","ast-page-background-meta":{"desktop":{"background-color":"var(--ast-global-color-5)","background-image":"","background-repeat":"repeat","background-position":"center center","background-size":"auto","background-attachment":"scroll","background-type":"","background-media":"","overlay-type":"","overlay-color":"","overlay-opacity":"","overlay-gradient":""},"tablet":{"background-color":"","background-image":"","background-repeat":"repeat","background-position":"center center","background-size":"auto","background-attachment":"scroll","background-type":"","background-media":"","overlay-type":"","overlay-color":"","overlay-opacity":"","overlay-gradient":""},"mobile":{"background-color":"","background-image":"","background-repeat":"repeat","background-position":"center center","background-size":"auto","background-attachment":"scroll","background-type":"","background-media":"","overlay-type":"","overlay-color":"","overlay-opacity":"","overlay-gradient":""}},"ast-content-background-meta":{"desktop":{"background-color":"var(--ast-global-color-4)","background-image":"","background-repeat":"repeat","background-position":"center center","background-size":"auto","background-attachment":"scroll","background-type":"","background-media":"","overlay-type":"","overlay-color":"","overlay-opacity":"","overlay-gradient":""},"tablet":{"background-color":"var(--ast-global-color-4)","background-image":"","background-repeat":"repeat","background-position":"center center","background-size":"auto","background-attachment":"scroll","background-type":"","background-media":"","overlay-type":"","overlay-color":"","overlay-opacity":"","overlay-gradient":""},"mobile":{"background-color":"var(--ast-global-color-4)","background-image":"","background-repeat":"repeat","background-position":"center center","background-size":"auto","background-attachment":"scroll","background-type":"","background-media":"","overlay-type":"","overlay-color":"","overlay-opacity":"","overlay-gradient":""}},"footnotes":""},"class_list":["post-290","page","type-page","status-publish","hentry"],"kubio_ai_page_context":{"short_desc":"","purpose":"general"},"yoast_head":"<!-- This site is optimized with the Yoast SEO plugin v26.9 - https:\/\/yoast.com\/product\/yoast-seo-wordpress\/ -->\n<title>Die Kraft der Visualisierung - \ud83c\udf3f Vom Wunsch zur Verwirklichung<\/title>\n<meta name=\"robots\" content=\"index, follow, max-snippet:-1, max-image-preview:large, max-video-preview:-1\" \/>\n<link rel=\"canonical\" href=\"https:\/\/kraftquellen.mentaltraining.at\/?page_id=290\" \/>\n<meta property=\"og:locale\" content=\"de_DE\" \/>\n<meta property=\"og:type\" content=\"article\" \/>\n<meta property=\"og:title\" content=\"Die Kraft der Visualisierung - \ud83c\udf3f Vom Wunsch zur Verwirklichung\" \/>\n<meta property=\"og:description\" content=\"Die Kraft der Visualisierung Die Kraft der Visualisierung Wie Du mit Bildern Deinen Erfolg visualisierst und Deine Ziele schneller erreichst [&hellip;]\" \/>\n<meta property=\"og:url\" content=\"https:\/\/kraftquellen.mentaltraining.at\/?page_id=290\" \/>\n<meta property=\"og:site_name\" content=\"\ud83c\udf3f Vom Wunsch zur Verwirklichung\" \/>\n<meta property=\"article:modified_time\" content=\"2025-05-02T20:11:54+00:00\" \/>\n<meta name=\"twitter:card\" content=\"summary_large_image\" \/>\n<meta name=\"twitter:label1\" content=\"Gesch\u00e4tzte Lesezeit\" \/>\n\t<meta name=\"twitter:data1\" content=\"3\u00a0Minuten\" \/>\n<script type=\"application\/ld+json\" class=\"yoast-schema-graph\">{\"@context\":\"https:\/\/schema.org\",\"@graph\":[{\"@type\":\"WebPage\",\"@id\":\"https:\/\/kraftquellen.mentaltraining.at\/?page_id=290\",\"url\":\"https:\/\/kraftquellen.mentaltraining.at\/?page_id=290\",\"name\":\"Die Kraft der Visualisierung - \ud83c\udf3f Vom Wunsch zur Verwirklichung\",\"isPartOf\":{\"@id\":\"https:\/\/kraftquellen.mentaltraining.at\/#website\"},\"datePublished\":\"2025-05-02T17:31:59+00:00\",\"dateModified\":\"2025-05-02T20:11:54+00:00\",\"breadcrumb\":{\"@id\":\"https:\/\/kraftquellen.mentaltraining.at\/?page_id=290#breadcrumb\"},\"inLanguage\":\"de\",\"potentialAction\":[{\"@type\":\"ReadAction\",\"target\":[\"https:\/\/kraftquellen.mentaltraining.at\/?page_id=290\"]}]},{\"@type\":\"BreadcrumbList\",\"@id\":\"https:\/\/kraftquellen.mentaltraining.at\/?page_id=290#breadcrumb\",\"itemListElement\":[{\"@type\":\"ListItem\",\"position\":1,\"name\":\"Startseite\",\"item\":\"https:\/\/kraftquellen.mentaltraining.at\/\"},{\"@type\":\"ListItem\",\"position\":2,\"name\":\"Die Kraft der Visualisierung\"}]},{\"@type\":\"WebSite\",\"@id\":\"https:\/\/kraftquellen.mentaltraining.at\/#website\",\"url\":\"https:\/\/kraftquellen.mentaltraining.at\/\",\"name\":\"\ud83c\udf3f Vom Wunsch zur Verwirklichung\",\"description\":\"Verborgene Ressourcen entdecken und in deine Kraft kommen\",\"publisher\":{\"@id\":\"https:\/\/kraftquellen.mentaltraining.at\/#organization\"},\"potentialAction\":[{\"@type\":\"SearchAction\",\"target\":{\"@type\":\"EntryPoint\",\"urlTemplate\":\"https:\/\/kraftquellen.mentaltraining.at\/?s={search_term_string}\"},\"query-input\":{\"@type\":\"PropertyValueSpecification\",\"valueRequired\":true,\"valueName\":\"search_term_string\"}}],\"inLanguage\":\"de\"},{\"@type\":\"Organization\",\"@id\":\"https:\/\/kraftquellen.mentaltraining.at\/#organization\",\"name\":\"\ud83c\udf3f Vom Wunsch zur Verwirklichung\",\"url\":\"https:\/\/kraftquellen.mentaltraining.at\/\",\"logo\":{\"@type\":\"ImageObject\",\"inLanguage\":\"de\",\"@id\":\"https:\/\/kraftquellen.mentaltraining.at\/#\/schema\/logo\/image\/\",\"url\":\"https:\/\/kraftquellen.mentaltraining.at\/wp-content\/uploads\/2025\/05\/cropped-cropped-cropped-mental-1.jpeg\",\"contentUrl\":\"https:\/\/kraftquellen.mentaltraining.at\/wp-content\/uploads\/2025\/05\/cropped-cropped-cropped-mental-1.jpeg\",\"width\":512,\"height\":512,\"caption\":\"\ud83c\udf3f Vom Wunsch zur Verwirklichung\"},\"image\":{\"@id\":\"https:\/\/kraftquellen.mentaltraining.at\/#\/schema\/logo\/image\/\"}}]}<\/script>\n<!-- \/ Yoast SEO plugin. -->","yoast_head_json":{"title":"Die Kraft der Visualisierung - \ud83c\udf3f Vom Wunsch zur Verwirklichung","robots":{"index":"index","follow":"follow","max-snippet":"max-snippet:-1","max-image-preview":"max-image-preview:large","max-video-preview":"max-video-preview:-1"},"canonical":"https:\/\/kraftquellen.mentaltraining.at\/?page_id=290","og_locale":"de_DE","og_type":"article","og_title":"Die Kraft der Visualisierung - \ud83c\udf3f Vom Wunsch zur Verwirklichung","og_description":"Die Kraft der Visualisierung Die Kraft der Visualisierung Wie Du mit Bildern Deinen Erfolg visualisierst und Deine Ziele schneller erreichst [&hellip;]","og_url":"https:\/\/kraftquellen.mentaltraining.at\/?page_id=290","og_site_name":"\ud83c\udf3f Vom Wunsch zur Verwirklichung","article_modified_time":"2025-05-02T20:11:54+00:00","twitter_card":"summary_large_image","twitter_misc":{"Gesch\u00e4tzte Lesezeit":"3\u00a0Minuten"},"schema":{"@context":"https:\/\/schema.org","@graph":[{"@type":"WebPage","@id":"https:\/\/kraftquellen.mentaltraining.at\/?page_id=290","url":"https:\/\/kraftquellen.mentaltraining.at\/?page_id=290","name":"Die Kraft der Visualisierung - \ud83c\udf3f Vom Wunsch zur Verwirklichung","isPartOf":{"@id":"https:\/\/kraftquellen.mentaltraining.at\/#website"},"datePublished":"2025-05-02T17:31:59+00:00","dateModified":"2025-05-02T20:11:54+00:00","breadcrumb":{"@id":"https:\/\/kraftquellen.mentaltraining.at\/?page_id=290#breadcrumb"},"inLanguage":"de","potentialAction":[{"@type":"ReadAction","target":["https:\/\/kraftquellen.mentaltraining.at\/?page_id=290"]}]},{"@type":"BreadcrumbList","@id":"https:\/\/kraftquellen.mentaltraining.at\/?page_id=290#breadcrumb","itemListElement":[{"@type":"ListItem","position":1,"name":"Startseite","item":"https:\/\/kraftquellen.mentaltraining.at\/"},{"@type":"ListItem","position":2,"name":"Die Kraft der Visualisierung"}]},{"@type":"WebSite","@id":"https:\/\/kraftquellen.mentaltraining.at\/#website","url":"https:\/\/kraftquellen.mentaltraining.at\/","name":"\ud83c\udf3f Vom Wunsch zur Verwirklichung","description":"Verborgene Ressourcen entdecken und in deine Kraft kommen","publisher":{"@id":"https:\/\/kraftquellen.mentaltraining.at\/#organization"},"potentialAction":[{"@type":"SearchAction","target":{"@type":"EntryPoint","urlTemplate":"https:\/\/kraftquellen.mentaltraining.at\/?s={search_term_string}"},"query-input":{"@type":"PropertyValueSpecification","valueRequired":true,"valueName":"search_term_string"}}],"inLanguage":"de"},{"@type":"Organization","@id":"https:\/\/kraftquellen.mentaltraining.at\/#organization","name":"\ud83c\udf3f Vom Wunsch zur Verwirklichung","url":"https:\/\/kraftquellen.mentaltraining.at\/","logo":{"@type":"ImageObject","inLanguage":"de","@id":"https:\/\/kraftquellen.mentaltraining.at\/#\/schema\/logo\/image\/","url":"https:\/\/kraftquellen.mentaltraining.at\/wp-content\/uploads\/2025\/05\/cropped-cropped-cropped-mental-1.jpeg","contentUrl":"https:\/\/kraftquellen.mentaltraining.at\/wp-content\/uploads\/2025\/05\/cropped-cropped-cropped-mental-1.jpeg","width":512,"height":512,"caption":"\ud83c\udf3f Vom Wunsch zur Verwirklichung"},"image":{"@id":"https:\/\/kraftquellen.mentaltraining.at\/#\/schema\/logo\/image\/"}}]}},"_links":{"self":[{"href":"https:\/\/kraftquellen.mentaltraining.at\/index.php?rest_route=\/wp\/v2\/pages\/290","targetHints":{"allow":["GET"]}}],"collection":[{"href":"https:\/\/kraftquellen.mentaltraining.at\/index.php?rest_route=\/wp\/v2\/pages"}],"about":[{"href":"https:\/\/kraftquellen.mentaltraining.at\/index.php?rest_route=\/wp\/v2\/types\/page"}],"author":[{"embeddable":true,"href":"https:\/\/kraftquellen.mentaltraining.at\/index.php?rest_route=\/wp\/v2\/users\/1"}],"replies":[{"embeddable":true,"href":"https:\/\/kraftquellen.mentaltraining.at\/index.php?rest_route=%2Fwp%2Fv2%2Fcomments&post=290"}],"version-history":[{"count":10,"href":"https:\/\/kraftquellen.mentaltraining.at\/index.php?rest_route=\/wp\/v2\/pages\/290\/revisions"}],"predecessor-version":[{"id":463,"href":"https:\/\/kraftquellen.mentaltraining.at\/index.php?rest_route=\/wp\/v2\/pages\/290\/revisions\/463"}],"wp:attachment":[{"href":"https:\/\/kraftquellen.mentaltraining.at\/index.php?rest_route=%2Fwp%2Fv2%2Fmedia&parent=290"}],"curies":[{"name":"wp","href":"https:\/\/api.w.org\/{rel}","templated":true}]}}