{"id":315,"date":"2025-05-02T17:38:54","date_gmt":"2025-05-02T17:38:54","guid":{"rendered":"https:\/\/kraftquellen.mentaltraining.at\/?page_id=315"},"modified":"2025-05-02T20:18:23","modified_gmt":"2025-05-02T20:18:23","slug":"die-rolle-der-koerperlichen-bewegung-im-power%e2%80%91flow","status":"publish","type":"page","link":"https:\/\/kraftquellen.mentaltraining.at\/?page_id=315","title":{"rendered":"Die Rolle der k\u00f6rperlichen Bewegung im Power\u2011Flow"},"content":{"rendered":"\t\t<div data-elementor-type=\"wp-page\" data-elementor-id=\"315\" class=\"elementor elementor-315\">\n\t\t\t\t<div class=\"elementor-element elementor-element-c3fd672 e-flex e-con-boxed e-con e-parent\" data-id=\"c3fd672\" data-element_type=\"container\" data-e-type=\"container\">\n\t\t\t\t\t<div class=\"e-con-inner\">\n\t\t\t\t<div class=\"elementor-element elementor-element-72aa9c9 elementor-widget elementor-widget-html\" data-id=\"72aa9c9\" data-element_type=\"widget\" data-e-type=\"widget\" data-widget_type=\"html.default\">\n\t\t\t\t<div class=\"elementor-widget-container\">\n\t\t\t\t\t<!DOCTYPE html>\n<html lang=\"de\">\n<head>\n    <meta charset=\"UTF-8\">\n    <meta name=\"viewport\" content=\"width=device-width, initial-scale=1.0\">\n    <title>Die Rolle der k\u00f6rperlichen Bewegung im Power\u2011Flow<\/title>\n    <style>\n        \/* Schriftarten *\/\n        @import url('https:\/\/fonts.googleapis.com\/css2?family=Playfair+Display&family=Muli&family=Lato&family=Lora&family=Montserrat&family=Open+Sans&family=Georgia+Pro+Condensed&display=swap');\n\n        body {\n            font-family: 'Open Sans', sans-serif;\n            color: #4edad9;\n            background-color: #f4f4f4;\n            margin: 0;\n            padding: 0;\n        }\n\n        h1 {\n            font-family: 'Montserrat', sans-serif;\n            font-size: 28px;\n            color: #b65c43; \/* St\u00e4rkere Farbe f\u00fcr den Titel *\/\n            margin-top: 20px;\n        }\n\n        h2 {\n            font-family: 'Playfair Display', serif;\n            font-size: 22px;\n            color: #b65c43; \/* St\u00e4rkere Farbe f\u00fcr die Zwischen\u00fcberschrift *\/\n            margin-top: 15px;\n        }\n\n        .teaser {\n            font-family: 'Lato', sans-serif;\n            font-size: 18px;\n            color: #006f6a;\n            line-height: 1.5;\n            margin: 20px;\n        }\n\n        .highlight {\n            color: #b65c43;\n            font-weight: bold;\n        }\n\n        .button {\n            background-color: #006f6a;\n            color: white;\n            padding: 10px 20px;\n            font-size: 18px;\n            font-family: 'Muli', sans-serif;\n            text-align: center;\n            text-decoration: none;\n            border-radius: 5px;\n            display: inline-block;\n            margin: 20px 10px;\n            transition: background-color 0.3s;\n        }\n\n        .button:hover {\n            background-color: #4edad9;\n        }\n    <\/style>\n<\/head>\n<body>\n\n    <section>\n        <h1>Die Rolle der k\u00f6rperlichen Bewegung im Power\u2011Flow<\/h1>\n        <h2>Wie Bewegung Deinen Flow positiv beeinflusst und Deine Energie steigert<\/h2>\n        <div class=\"teaser\">\n            Wusstest Du, dass k\u00f6rperliche Bewegung ein Schl\u00fcssel zu mehr Energie und Motivation ist? In diesem Kapitel erf\u00e4hrst Du, wie Du durch gezielte Bewegung Deinen Power\u2011Flow nicht nur aktivierst, sondern auch aufrechterh\u00e4ltst. Lerne, wie Du Deinen K\u00f6rper so in Bewegung versetzt, dass er Deine mentale Klarheit und innere St\u00e4rke unterst\u00fctzt \u2013 f\u00fcr noch mehr Energie im Alltag.\n        <\/div>\n\n        <div>\n            <p>Stell Dir vor, Du startest Deinen Tag voller Energie, Fokus und Motivation \u2013 und das alles durch einen gezielten Einsatz k\u00f6rperlicher Bewegung. In diesem Kapitel erf\u00e4hrst Du, warum <span class=\"highlight\">Bewegung<\/span> eine entscheidende Rolle spielt, um Deinen <span class=\"highlight\">Power-Flow<\/span> zu aktivieren und nachhaltig aufrechtzuerhalten. K\u00f6rperliche Bewegung ist nicht nur gut f\u00fcr Deinen K\u00f6rper, sondern hat auch enorme positive Auswirkungen auf Deine geistige Leistungsf\u00e4higkeit.<\/p>\n\n            <p>Wenn Du Dich bewegst, setzt Dein K\u00f6rper eine ganze Reihe von positiven <span class=\"highlight\">chemischen Reaktionen<\/span> in Gang, die Deine mentale Klarheit und innere St\u00e4rke f\u00f6rdern. Bewegung hilft dabei, Deine <span class=\"highlight\">Blutgerinnung zu verbessern<\/span>, den <span class=\"highlight\">Stoffwechsel anzukurbeln<\/span> und <span class=\"highlight\">Dopamin<\/span> freizusetzen \u2013 ein neurochemischer \u201eGl\u00fcckshormon-Booster\u201c, der Dich fokussiert und motiviert h\u00e4lt.<\/p>\n\n            <p>Wissenschaftliche Studien belegen, dass regelm\u00e4\u00dfige Bewegung die <span class=\"highlight\">Konzentration<\/span>, <span class=\"highlight\">F\u00e4higkeit zur Probleml\u00f6sung<\/span> und <span class=\"highlight\">Stressbew\u00e4ltigung<\/span> signifikant verbessert. Wenn Du Deinen K\u00f6rper regelm\u00e4\u00dfig in Bewegung versetzt, wirst Du feststellen, dass sich Dein <span class=\"highlight\">Flow<\/span> nicht nur kurzfristig aktiviert, sondern auch langfristig stabilisiert.<\/p>\n\n            <p>In diesem Kapitel zeigen wir Dir, wie Du gezielte <span class=\"highlight\">Bewegungs\u00fcbungen<\/span> in Dein Power-Flow-Ritual integrierst, die Dir helfen, Deine mentale St\u00e4rke und Energie zu steigern. Du lernst, wie Du einfache <span class=\"highlight\">Kraft\u00fcbungen<\/span>, <span class=\"highlight\">Dehnungen<\/span> und <span class=\"highlight\">Atemtechniken<\/span> anwendest, um Deinen K\u00f6rper optimal auf Deinen Flow vorzubereiten und <span class=\"highlight\">k\u00f6rperliche Blockaden<\/span> zu l\u00f6sen. Mit der richtigen Bewegung wirst Du feststellen, wie Du Deine innere Energie immer wieder aktivierst und Dein Potenzial voll aussch\u00f6pfst.<\/p>\n\n            <p>Bereit, Dein Energielevel auf das n\u00e4chste Level zu bringen? Nutze den <span class=\"highlight\">Kraft der Bewegung<\/span> und aktiviere Deinen Power-Flow so, dass Du Dich den ganzen Tag \u00fcber auf einem konstant hohen Energielevel befindest \u2013 ohne Ersch\u00f6pfung oder mentale Blockaden. Dein Power-Flow wartet nur darauf, durch Bewegung und Aktivierung freigesetzt zu werden.<\/p>\n        <\/div>\n\n        <!-- Buttons -->\n        <div>\n            <a href=\"https:\/\/kraftquellen.mentaltraining.at\/\" class=\"button\">Zur\u00fcck zur Startseite<\/a>\n            <a href=\"https:\/\/mentaltraining.at\/\" class=\"button\">Zur Homepage<\/a>\n        <\/div>\n    <\/section>\n\n<\/body>\n<\/html>\n\t\t\t\t<\/div>\n\t\t\t\t<\/div>\n\t\t\t\t\t<\/div>\n\t\t\t\t<\/div>\n\t\t\t\t<\/div>\n\t\t","protected":false},"excerpt":{"rendered":"<p>Die Rolle der k\u00f6rperlichen Bewegung im Power\u2011Flow Die Rolle der k\u00f6rperlichen Bewegung im Power\u2011Flow Wie Bewegung Deinen Flow positiv beeinflusst [&hellip;]<\/p>\n","protected":false},"author":1,"featured_media":0,"parent":0,"menu_order":0,"comment_status":"closed","ping_status":"closed","template":"","meta":{"saved_in_kubio":false,"_monsterinsights_skip_tracking":false,"_monsterinsights_sitenote_active":false,"_monsterinsights_sitenote_note":"","_monsterinsights_sitenote_category":0,"site-sidebar-layout":"default","site-content-layout":"","ast-site-content-layout":"default","site-content-style":"default","site-sidebar-style":"default","ast-global-header-display":"","ast-banner-title-visibility":"","ast-main-header-display":"","ast-hfb-above-header-display":"","ast-hfb-below-header-display":"","ast-hfb-mobile-header-display":"","site-post-title":"","ast-breadcrumbs-content":"","ast-featured-img":"","footer-sml-layout":"","theme-transparent-header-meta":"","adv-header-id-meta":"","stick-header-meta":"","header-above-stick-meta":"","header-main-stick-meta":"","header-below-stick-meta":"","astra-migrate-meta-layouts":"default","ast-page-background-enabled":"default","ast-page-background-meta":{"desktop":{"background-color":"var(--ast-global-color-5)","background-image":"","background-repeat":"repeat","background-position":"center center","background-size":"auto","background-attachment":"scroll","background-type":"","background-media":"","overlay-type":"","overlay-color":"","overlay-opacity":"","overlay-gradient":""},"tablet":{"background-color":"","background-image":"","background-repeat":"repeat","background-position":"center center","background-size":"auto","background-attachment":"scroll","background-type":"","background-media":"","overlay-type":"","overlay-color":"","overlay-opacity":"","overlay-gradient":""},"mobile":{"background-color":"","background-image":"","background-repeat":"repeat","background-position":"center center","background-size":"auto","background-attachment":"scroll","background-type":"","background-media":"","overlay-type":"","overlay-color":"","overlay-opacity":"","overlay-gradient":""}},"ast-content-background-meta":{"desktop":{"background-color":"var(--ast-global-color-4)","background-image":"","background-repeat":"repeat","background-position":"center center","background-size":"auto","background-attachment":"scroll","background-type":"","background-media":"","overlay-type":"","overlay-color":"","overlay-opacity":"","overlay-gradient":""},"tablet":{"background-color":"var(--ast-global-color-4)","background-image":"","background-repeat":"repeat","background-position":"center center","background-size":"auto","background-attachment":"scroll","background-type":"","background-media":"","overlay-type":"","overlay-color":"","overlay-opacity":"","overlay-gradient":""},"mobile":{"background-color":"var(--ast-global-color-4)","background-image":"","background-repeat":"repeat","background-position":"center center","background-size":"auto","background-attachment":"scroll","background-type":"","background-media":"","overlay-type":"","overlay-color":"","overlay-opacity":"","overlay-gradient":""}},"footnotes":""},"class_list":["post-315","page","type-page","status-publish","hentry"],"kubio_ai_page_context":{"short_desc":"","purpose":"general"},"yoast_head":"<!-- This site is optimized with the Yoast SEO plugin v26.9 - https:\/\/yoast.com\/product\/yoast-seo-wordpress\/ -->\n<title>Die Rolle der k\u00f6rperlichen Bewegung im Power\u2011Flow - \ud83c\udf3f Vom Wunsch zur Verwirklichung<\/title>\n<meta name=\"robots\" content=\"index, follow, max-snippet:-1, max-image-preview:large, max-video-preview:-1\" \/>\n<link rel=\"canonical\" href=\"https:\/\/kraftquellen.mentaltraining.at\/?page_id=315\" \/>\n<meta property=\"og:locale\" content=\"de_DE\" \/>\n<meta property=\"og:type\" content=\"article\" \/>\n<meta property=\"og:title\" content=\"Die Rolle der k\u00f6rperlichen Bewegung im Power\u2011Flow - \ud83c\udf3f Vom Wunsch zur Verwirklichung\" \/>\n<meta property=\"og:description\" content=\"Die Rolle der k\u00f6rperlichen Bewegung im Power\u2011Flow Die Rolle der k\u00f6rperlichen Bewegung im Power\u2011Flow Wie Bewegung Deinen Flow positiv beeinflusst [&hellip;]\" \/>\n<meta property=\"og:url\" content=\"https:\/\/kraftquellen.mentaltraining.at\/?page_id=315\" \/>\n<meta property=\"og:site_name\" content=\"\ud83c\udf3f Vom Wunsch zur Verwirklichung\" \/>\n<meta property=\"article:modified_time\" content=\"2025-05-02T20:18:23+00:00\" \/>\n<meta name=\"twitter:card\" content=\"summary_large_image\" \/>\n<meta name=\"twitter:label1\" content=\"Gesch\u00e4tzte Lesezeit\" \/>\n\t<meta name=\"twitter:data1\" content=\"2\u00a0Minuten\" \/>\n<script type=\"application\/ld+json\" class=\"yoast-schema-graph\">{\"@context\":\"https:\/\/schema.org\",\"@graph\":[{\"@type\":\"WebPage\",\"@id\":\"https:\/\/kraftquellen.mentaltraining.at\/?page_id=315\",\"url\":\"https:\/\/kraftquellen.mentaltraining.at\/?page_id=315\",\"name\":\"Die Rolle der k\u00f6rperlichen Bewegung im Power\u2011Flow - \ud83c\udf3f Vom Wunsch zur Verwirklichung\",\"isPartOf\":{\"@id\":\"https:\/\/kraftquellen.mentaltraining.at\/#website\"},\"datePublished\":\"2025-05-02T17:38:54+00:00\",\"dateModified\":\"2025-05-02T20:18:23+00:00\",\"breadcrumb\":{\"@id\":\"https:\/\/kraftquellen.mentaltraining.at\/?page_id=315#breadcrumb\"},\"inLanguage\":\"de\",\"potentialAction\":[{\"@type\":\"ReadAction\",\"target\":[\"https:\/\/kraftquellen.mentaltraining.at\/?page_id=315\"]}]},{\"@type\":\"BreadcrumbList\",\"@id\":\"https:\/\/kraftquellen.mentaltraining.at\/?page_id=315#breadcrumb\",\"itemListElement\":[{\"@type\":\"ListItem\",\"position\":1,\"name\":\"Startseite\",\"item\":\"https:\/\/kraftquellen.mentaltraining.at\/\"},{\"@type\":\"ListItem\",\"position\":2,\"name\":\"Die Rolle der k\u00f6rperlichen Bewegung im Power\u2011Flow\"}]},{\"@type\":\"WebSite\",\"@id\":\"https:\/\/kraftquellen.mentaltraining.at\/#website\",\"url\":\"https:\/\/kraftquellen.mentaltraining.at\/\",\"name\":\"\ud83c\udf3f Vom Wunsch zur Verwirklichung\",\"description\":\"Verborgene Ressourcen entdecken und in deine Kraft kommen\",\"publisher\":{\"@id\":\"https:\/\/kraftquellen.mentaltraining.at\/#organization\"},\"potentialAction\":[{\"@type\":\"SearchAction\",\"target\":{\"@type\":\"EntryPoint\",\"urlTemplate\":\"https:\/\/kraftquellen.mentaltraining.at\/?s={search_term_string}\"},\"query-input\":{\"@type\":\"PropertyValueSpecification\",\"valueRequired\":true,\"valueName\":\"search_term_string\"}}],\"inLanguage\":\"de\"},{\"@type\":\"Organization\",\"@id\":\"https:\/\/kraftquellen.mentaltraining.at\/#organization\",\"name\":\"\ud83c\udf3f Vom Wunsch zur Verwirklichung\",\"url\":\"https:\/\/kraftquellen.mentaltraining.at\/\",\"logo\":{\"@type\":\"ImageObject\",\"inLanguage\":\"de\",\"@id\":\"https:\/\/kraftquellen.mentaltraining.at\/#\/schema\/logo\/image\/\",\"url\":\"https:\/\/kraftquellen.mentaltraining.at\/wp-content\/uploads\/2025\/05\/cropped-cropped-cropped-mental-1.jpeg\",\"contentUrl\":\"https:\/\/kraftquellen.mentaltraining.at\/wp-content\/uploads\/2025\/05\/cropped-cropped-cropped-mental-1.jpeg\",\"width\":512,\"height\":512,\"caption\":\"\ud83c\udf3f Vom Wunsch zur Verwirklichung\"},\"image\":{\"@id\":\"https:\/\/kraftquellen.mentaltraining.at\/#\/schema\/logo\/image\/\"}}]}<\/script>\n<!-- \/ Yoast SEO plugin. -->","yoast_head_json":{"title":"Die Rolle der k\u00f6rperlichen Bewegung im Power\u2011Flow - \ud83c\udf3f Vom Wunsch zur Verwirklichung","robots":{"index":"index","follow":"follow","max-snippet":"max-snippet:-1","max-image-preview":"max-image-preview:large","max-video-preview":"max-video-preview:-1"},"canonical":"https:\/\/kraftquellen.mentaltraining.at\/?page_id=315","og_locale":"de_DE","og_type":"article","og_title":"Die Rolle der k\u00f6rperlichen Bewegung im Power\u2011Flow - \ud83c\udf3f Vom Wunsch zur Verwirklichung","og_description":"Die Rolle der k\u00f6rperlichen Bewegung im Power\u2011Flow Die Rolle der k\u00f6rperlichen Bewegung im Power\u2011Flow Wie Bewegung Deinen Flow positiv beeinflusst [&hellip;]","og_url":"https:\/\/kraftquellen.mentaltraining.at\/?page_id=315","og_site_name":"\ud83c\udf3f Vom Wunsch zur Verwirklichung","article_modified_time":"2025-05-02T20:18:23+00:00","twitter_card":"summary_large_image","twitter_misc":{"Gesch\u00e4tzte Lesezeit":"2\u00a0Minuten"},"schema":{"@context":"https:\/\/schema.org","@graph":[{"@type":"WebPage","@id":"https:\/\/kraftquellen.mentaltraining.at\/?page_id=315","url":"https:\/\/kraftquellen.mentaltraining.at\/?page_id=315","name":"Die Rolle der k\u00f6rperlichen Bewegung im Power\u2011Flow - \ud83c\udf3f Vom Wunsch zur Verwirklichung","isPartOf":{"@id":"https:\/\/kraftquellen.mentaltraining.at\/#website"},"datePublished":"2025-05-02T17:38:54+00:00","dateModified":"2025-05-02T20:18:23+00:00","breadcrumb":{"@id":"https:\/\/kraftquellen.mentaltraining.at\/?page_id=315#breadcrumb"},"inLanguage":"de","potentialAction":[{"@type":"ReadAction","target":["https:\/\/kraftquellen.mentaltraining.at\/?page_id=315"]}]},{"@type":"BreadcrumbList","@id":"https:\/\/kraftquellen.mentaltraining.at\/?page_id=315#breadcrumb","itemListElement":[{"@type":"ListItem","position":1,"name":"Startseite","item":"https:\/\/kraftquellen.mentaltraining.at\/"},{"@type":"ListItem","position":2,"name":"Die Rolle der k\u00f6rperlichen Bewegung im Power\u2011Flow"}]},{"@type":"WebSite","@id":"https:\/\/kraftquellen.mentaltraining.at\/#website","url":"https:\/\/kraftquellen.mentaltraining.at\/","name":"\ud83c\udf3f Vom Wunsch zur Verwirklichung","description":"Verborgene Ressourcen entdecken und in deine Kraft kommen","publisher":{"@id":"https:\/\/kraftquellen.mentaltraining.at\/#organization"},"potentialAction":[{"@type":"SearchAction","target":{"@type":"EntryPoint","urlTemplate":"https:\/\/kraftquellen.mentaltraining.at\/?s={search_term_string}"},"query-input":{"@type":"PropertyValueSpecification","valueRequired":true,"valueName":"search_term_string"}}],"inLanguage":"de"},{"@type":"Organization","@id":"https:\/\/kraftquellen.mentaltraining.at\/#organization","name":"\ud83c\udf3f Vom Wunsch zur Verwirklichung","url":"https:\/\/kraftquellen.mentaltraining.at\/","logo":{"@type":"ImageObject","inLanguage":"de","@id":"https:\/\/kraftquellen.mentaltraining.at\/#\/schema\/logo\/image\/","url":"https:\/\/kraftquellen.mentaltraining.at\/wp-content\/uploads\/2025\/05\/cropped-cropped-cropped-mental-1.jpeg","contentUrl":"https:\/\/kraftquellen.mentaltraining.at\/wp-content\/uploads\/2025\/05\/cropped-cropped-cropped-mental-1.jpeg","width":512,"height":512,"caption":"\ud83c\udf3f Vom Wunsch zur Verwirklichung"},"image":{"@id":"https:\/\/kraftquellen.mentaltraining.at\/#\/schema\/logo\/image\/"}}]}},"_links":{"self":[{"href":"https:\/\/kraftquellen.mentaltraining.at\/index.php?rest_route=\/wp\/v2\/pages\/315","targetHints":{"allow":["GET"]}}],"collection":[{"href":"https:\/\/kraftquellen.mentaltraining.at\/index.php?rest_route=\/wp\/v2\/pages"}],"about":[{"href":"https:\/\/kraftquellen.mentaltraining.at\/index.php?rest_route=\/wp\/v2\/types\/page"}],"author":[{"embeddable":true,"href":"https:\/\/kraftquellen.mentaltraining.at\/index.php?rest_route=\/wp\/v2\/users\/1"}],"replies":[{"embeddable":true,"href":"https:\/\/kraftquellen.mentaltraining.at\/index.php?rest_route=%2Fwp%2Fv2%2Fcomments&post=315"}],"version-history":[{"count":10,"href":"https:\/\/kraftquellen.mentaltraining.at\/index.php?rest_route=\/wp\/v2\/pages\/315\/revisions"}],"predecessor-version":[{"id":467,"href":"https:\/\/kraftquellen.mentaltraining.at\/index.php?rest_route=\/wp\/v2\/pages\/315\/revisions\/467"}],"wp:attachment":[{"href":"https:\/\/kraftquellen.mentaltraining.at\/index.php?rest_route=%2Fwp%2Fv2%2Fmedia&parent=315"}],"curies":[{"name":"wp","href":"https:\/\/api.w.org\/{rel}","templated":true}]}}