{"id":323,"date":"2025-05-02T17:40:05","date_gmt":"2025-05-02T17:40:05","guid":{"rendered":"https:\/\/kraftquellen.mentaltraining.at\/?page_id=323"},"modified":"2025-05-02T19:56:57","modified_gmt":"2025-05-02T19:56:57","slug":"deine-persoenliche-flow%e2%80%91strategie-individuell-und-massgeschneidert","status":"publish","type":"page","link":"https:\/\/kraftquellen.mentaltraining.at\/?page_id=323","title":{"rendered":"Deine pers\u00f6nliche Flow\u2011Strategie: Individuell und ma\u00dfgeschneidert"},"content":{"rendered":"\t\t<div data-elementor-type=\"wp-page\" data-elementor-id=\"323\" class=\"elementor elementor-323\">\n\t\t\t\t<div class=\"elementor-element elementor-element-f19e336 e-flex e-con-boxed e-con e-parent\" data-id=\"f19e336\" data-element_type=\"container\" data-e-type=\"container\">\n\t\t\t\t\t<div class=\"e-con-inner\">\n\t\t\t\t<div class=\"elementor-element elementor-element-795f8ac elementor-widget elementor-widget-html\" data-id=\"795f8ac\" data-element_type=\"widget\" data-e-type=\"widget\" data-widget_type=\"html.default\">\n\t\t\t\t<div class=\"elementor-widget-container\">\n\t\t\t\t\t<!DOCTYPE html>\n<html lang=\"de\">\n<head>\n    <meta charset=\"UTF-8\">\n    <meta name=\"viewport\" content=\"width=device-width, initial-scale=1.0\">\n    <title>Deine pers\u00f6nliche Flow\u2011Strategie: Individuell und ma\u00dfgeschneidert<\/title>\n    <style>\n        \/* Schriftarten *\/\n        @import url('https:\/\/fonts.googleapis.com\/css2?family=Playfair+Display&family=Muli&family=Lato&family=Lora&family=Montserrat&family=Open+Sans&family=Georgia+Pro+Condensed&display=swap');\n\n        body {\n            font-family: 'Open Sans', sans-serif;\n            color: #4edad9;\n            background-color: #f4f4f4;\n            margin: 0;\n            padding: 0;\n        }\n\n        h1 {\n            font-family: 'Montserrat', sans-serif;\n            font-size: 28px;\n            color: #b65c43; \/* St\u00e4rkere Farbe f\u00fcr den Titel *\/\n            margin-top: 20px;\n        }\n\n        h2 {\n            font-family: 'Playfair Display', serif;\n            font-size: 22px;\n            color: #b65c43; \/* St\u00e4rkere Farbe f\u00fcr die Zwischen\u00fcberschrift *\/\n            margin-top: 15px;\n        }\n\n        .teaser {\n            font-family: 'Lato', sans-serif;\n            font-size: 18px;\n            color: #006f6a;\n            line-height: 1.5;\n            margin: 20px;\n        }\n\n        .highlight {\n            color: #b65c43;\n            font-weight: bold;\n        }\n\n        .button {\n            background-color: #006f6a;\n            color: white;\n            padding: 10px 20px;\n            font-size: 18px;\n            font-family: 'Muli', sans-serif;\n            text-align: center;\n            text-decoration: none;\n            border-radius: 5px;\n            display: inline-block;\n            margin: 20px 10px;\n            transition: background-color 0.3s;\n        }\n\n        .button:hover {\n            background-color: #4edad9;\n        }\n\n        .highlight-color {\n            color: #b65c43;\n        }\n    <\/style>\n<\/head>\n<body>\n\n    <section>\n        <h1>Deine pers\u00f6nliche Flow\u2011Strategie: Individuell und ma\u00dfgeschneidert<\/h1>\n        <h2>Wie Du Deinen einzigartigen Power\u2011Flow erschaffst, der perfekt zu Dir passt<\/h2>\n        <div class=\"teaser\">\n            Jeder Mensch ist einzigartig \u2013 und so sollte auch Dein Power\u2011Flow\u2011Ritual sein. In diesem Kapitel gehen wir auf die individuellen Unterschiede ein und zeigen Dir, wie Du Dein Ritual perfekt auf Deine Bed\u00fcrfnisse zuschneidest. Du erh\u00e4ltst praktische Tipps, um Deine Flow\u2011Strategie zu personalisieren und noch effizienter zu gestalten. Deine ma\u00dfgeschneiderte Erfolgsmatrix wartet auf Dich!\n        <\/div>\n\n        <div>\n            <p>Jeder Mensch ist anders \u2013 und das bedeutet, dass auch Deine <span class=\"highlight-color\">Flow-Strategie<\/span> einzigartig sein sollte. In diesem Kapitel erf\u00e4hrst Du, wie Du Dein Power-Flow-Ritual individuell an Deine eigenen Bed\u00fcrfnisse und Ziele anpassen kannst. Wir gehen auf Deine pers\u00f6nlichen St\u00e4rken und Herausforderungen ein und zeigen Dir, wie Du Dein Ritual so gestaltest, dass es zu Deinem Leben und Deinen W\u00fcnschen passt.<\/p>\n\n            <p>Du wirst lernen, Deine <span class=\"highlight-color\">Power-Flow-Techniken<\/span> so zu personalisieren, dass sie zu Deinem Lebensstil, Deinem Energielevel und Deinen individuellen Zielen passen. Es geht nicht nur darum, ein Ritual zu haben, sondern ein Ritual, das f\u00fcr DICH funktioniert und Dir hilft, Deine Ziele noch schneller zu erreichen. Du kannst Deine Strategie anpassen, indem Du bestimmte Elemente st\u00e4rkst oder zus\u00e4tzliche Techniken einbaust, die f\u00fcr Dich von Bedeutung sind.<\/p>\n\n            <p>Ob Du eher ein Morgenmensch bist oder die Abendstunden bevorzugst \u2013 wir zeigen Dir, wie Du Deinen Power-Flow-Rhythmus mit Deinen nat\u00fcrlichen <span class=\"highlight-color\">Energie-Zyklen<\/span> in Einklang bringst. Durch das Anpassen und Personalisieren deines Rituals wirst Du eine noch st\u00e4rkere <span class=\"highlight-color\">Verbindung zu Deinem inneren Antrieb<\/span> herstellen, was die Effizienz und Nachhaltigkeit Deines Flow-Erlebnisses enorm steigert.<\/p>\n\n            <p>Durch das Verstehen Deiner eigenen Bed\u00fcrfnisse und das gezielte Einsetzen von <span class=\"highlight-color\">Methoden<\/span>, die zu Dir passen, wirst Du merken, wie Deine <span class=\"highlight-color\">Selbstmotivation<\/span> und Deine <span class=\"highlight-color\">Erfolgskraft<\/span> wachsen. Dein Power-Flow wird zu Deinem pers\u00f6nlichen Werkzeug f\u00fcr nachhaltigen Erfolg und ganzheitliche Energie. Du wirst in der Lage sein, Hindernisse aus dem Weg zu r\u00e4umen und Deinen Alltag mit einer klaren <span class=\"highlight-color\">Vision<\/span> und <span class=\"highlight-color\">Zielen<\/span> anzugehen, die wirklich zu Dir passen.<\/p>\n\n            <p>Bist Du bereit, Deine eigene <span class=\"highlight-color\">Erfolgsmatrix<\/span> zu entwickeln und Deinen Power-Flow perfekt auf Dich abzustimmen? Lass uns gemeinsam Deine individuelle Strategie erschaffen, die Dir hilft, jeden Tag voller Energie und Motivation zu leben!<\/p>\n        <\/div>\n\n        <!-- Buttons -->\n        <div>\n            <a href=\"https:\/\/kraftquellen.mentaltraining.at\/\" class=\"button\">Zur\u00fcck zur Startseite<\/a>\n            <a href=\"https:\/\/mentaltraining.at\/\" class=\"button\">Zur Homepage<\/a>\n        <\/div>\n    <\/section>\n\n<\/body>\n<\/html>\n\t\t\t\t<\/div>\n\t\t\t\t<\/div>\n\t\t\t\t\t<\/div>\n\t\t\t\t<\/div>\n\t\t\t\t<\/div>\n\t\t","protected":false},"excerpt":{"rendered":"<p>Deine pers\u00f6nliche Flow\u2011Strategie: Individuell und ma\u00dfgeschneidert Deine pers\u00f6nliche Flow\u2011Strategie: Individuell und ma\u00dfgeschneidert Wie Du Deinen einzigartigen Power\u2011Flow erschaffst, der perfekt [&hellip;]<\/p>\n","protected":false},"author":1,"featured_media":0,"parent":0,"menu_order":0,"comment_status":"closed","ping_status":"closed","template":"","meta":{"saved_in_kubio":false,"_monsterinsights_skip_tracking":false,"_monsterinsights_sitenote_active":false,"_monsterinsights_sitenote_note":"","_monsterinsights_sitenote_category":0,"site-sidebar-layout":"default","site-content-layout":"","ast-site-content-layout":"default","site-content-style":"default","site-sidebar-style":"default","ast-global-header-display":"","ast-banner-title-visibility":"","ast-main-header-display":"","ast-hfb-above-header-display":"","ast-hfb-below-header-display":"","ast-hfb-mobile-header-display":"","site-post-title":"","ast-breadcrumbs-content":"","ast-featured-img":"","footer-sml-layout":"","theme-transparent-header-meta":"","adv-header-id-meta":"","stick-header-meta":"","header-above-stick-meta":"","header-main-stick-meta":"","header-below-stick-meta":"","astra-migrate-meta-layouts":"default","ast-page-background-enabled":"default","ast-page-background-meta":{"desktop":{"background-color":"var(--ast-global-color-5)","background-image":"","background-repeat":"repeat","background-position":"center center","background-size":"auto","background-attachment":"scroll","background-type":"","background-media":"","overlay-type":"","overlay-color":"","overlay-opacity":"","overlay-gradient":""},"tablet":{"background-color":"","background-image":"","background-repeat":"repeat","background-position":"center center","background-size":"auto","background-attachment":"scroll","background-type":"","background-media":"","overlay-type":"","overlay-color":"","overlay-opacity":"","overlay-gradient":""},"mobile":{"background-color":"","background-image":"","background-repeat":"repeat","background-position":"center center","background-size":"auto","background-attachment":"scroll","background-type":"","background-media":"","overlay-type":"","overlay-color":"","overlay-opacity":"","overlay-gradient":""}},"ast-content-background-meta":{"desktop":{"background-color":"var(--ast-global-color-4)","background-image":"","background-repeat":"repeat","background-position":"center center","background-size":"auto","background-attachment":"scroll","background-type":"","background-media":"","overlay-type":"","overlay-color":"","overlay-opacity":"","overlay-gradient":""},"tablet":{"background-color":"var(--ast-global-color-4)","background-image":"","background-repeat":"repeat","background-position":"center center","background-size":"auto","background-attachment":"scroll","background-type":"","background-media":"","overlay-type":"","overlay-color":"","overlay-opacity":"","overlay-gradient":""},"mobile":{"background-color":"var(--ast-global-color-4)","background-image":"","background-repeat":"repeat","background-position":"center center","background-size":"auto","background-attachment":"scroll","background-type":"","background-media":"","overlay-type":"","overlay-color":"","overlay-opacity":"","overlay-gradient":""}},"footnotes":""},"class_list":["post-323","page","type-page","status-publish","hentry"],"kubio_ai_page_context":{"short_desc":"","purpose":"general"},"yoast_head":"<!-- This site is optimized with the Yoast SEO plugin v26.9 - https:\/\/yoast.com\/product\/yoast-seo-wordpress\/ -->\n<title>Deine pers\u00f6nliche Flow\u2011Strategie: Individuell und ma\u00dfgeschneidert - \ud83c\udf3f Vom Wunsch zur Verwirklichung<\/title>\n<meta name=\"robots\" content=\"index, follow, max-snippet:-1, max-image-preview:large, max-video-preview:-1\" \/>\n<link rel=\"canonical\" href=\"https:\/\/kraftquellen.mentaltraining.at\/?page_id=323\" \/>\n<meta property=\"og:locale\" content=\"de_DE\" \/>\n<meta property=\"og:type\" content=\"article\" \/>\n<meta property=\"og:title\" content=\"Deine pers\u00f6nliche Flow\u2011Strategie: Individuell und ma\u00dfgeschneidert - \ud83c\udf3f Vom Wunsch zur Verwirklichung\" \/>\n<meta property=\"og:description\" content=\"Deine pers\u00f6nliche Flow\u2011Strategie: Individuell und ma\u00dfgeschneidert Deine pers\u00f6nliche Flow\u2011Strategie: Individuell und ma\u00dfgeschneidert Wie Du Deinen einzigartigen Power\u2011Flow erschaffst, der perfekt [&hellip;]\" \/>\n<meta property=\"og:url\" content=\"https:\/\/kraftquellen.mentaltraining.at\/?page_id=323\" \/>\n<meta property=\"og:site_name\" content=\"\ud83c\udf3f Vom Wunsch zur Verwirklichung\" \/>\n<meta property=\"article:modified_time\" content=\"2025-05-02T19:56:57+00:00\" \/>\n<meta name=\"twitter:card\" content=\"summary_large_image\" \/>\n<meta name=\"twitter:label1\" content=\"Gesch\u00e4tzte Lesezeit\" \/>\n\t<meta name=\"twitter:data1\" content=\"2\u00a0Minuten\" \/>\n<script type=\"application\/ld+json\" class=\"yoast-schema-graph\">{\"@context\":\"https:\/\/schema.org\",\"@graph\":[{\"@type\":\"WebPage\",\"@id\":\"https:\/\/kraftquellen.mentaltraining.at\/?page_id=323\",\"url\":\"https:\/\/kraftquellen.mentaltraining.at\/?page_id=323\",\"name\":\"Deine pers\u00f6nliche Flow\u2011Strategie: Individuell und ma\u00dfgeschneidert - \ud83c\udf3f Vom Wunsch zur Verwirklichung\",\"isPartOf\":{\"@id\":\"https:\/\/kraftquellen.mentaltraining.at\/#website\"},\"datePublished\":\"2025-05-02T17:40:05+00:00\",\"dateModified\":\"2025-05-02T19:56:57+00:00\",\"breadcrumb\":{\"@id\":\"https:\/\/kraftquellen.mentaltraining.at\/?page_id=323#breadcrumb\"},\"inLanguage\":\"de\",\"potentialAction\":[{\"@type\":\"ReadAction\",\"target\":[\"https:\/\/kraftquellen.mentaltraining.at\/?page_id=323\"]}]},{\"@type\":\"BreadcrumbList\",\"@id\":\"https:\/\/kraftquellen.mentaltraining.at\/?page_id=323#breadcrumb\",\"itemListElement\":[{\"@type\":\"ListItem\",\"position\":1,\"name\":\"Startseite\",\"item\":\"https:\/\/kraftquellen.mentaltraining.at\/\"},{\"@type\":\"ListItem\",\"position\":2,\"name\":\"Deine pers\u00f6nliche Flow\u2011Strategie: Individuell und ma\u00dfgeschneidert\"}]},{\"@type\":\"WebSite\",\"@id\":\"https:\/\/kraftquellen.mentaltraining.at\/#website\",\"url\":\"https:\/\/kraftquellen.mentaltraining.at\/\",\"name\":\"\ud83c\udf3f Vom Wunsch zur Verwirklichung\",\"description\":\"Verborgene Ressourcen entdecken und in deine Kraft kommen\",\"publisher\":{\"@id\":\"https:\/\/kraftquellen.mentaltraining.at\/#organization\"},\"potentialAction\":[{\"@type\":\"SearchAction\",\"target\":{\"@type\":\"EntryPoint\",\"urlTemplate\":\"https:\/\/kraftquellen.mentaltraining.at\/?s={search_term_string}\"},\"query-input\":{\"@type\":\"PropertyValueSpecification\",\"valueRequired\":true,\"valueName\":\"search_term_string\"}}],\"inLanguage\":\"de\"},{\"@type\":\"Organization\",\"@id\":\"https:\/\/kraftquellen.mentaltraining.at\/#organization\",\"name\":\"\ud83c\udf3f Vom Wunsch zur Verwirklichung\",\"url\":\"https:\/\/kraftquellen.mentaltraining.at\/\",\"logo\":{\"@type\":\"ImageObject\",\"inLanguage\":\"de\",\"@id\":\"https:\/\/kraftquellen.mentaltraining.at\/#\/schema\/logo\/image\/\",\"url\":\"https:\/\/kraftquellen.mentaltraining.at\/wp-content\/uploads\/2025\/05\/cropped-cropped-cropped-mental-1.jpeg\",\"contentUrl\":\"https:\/\/kraftquellen.mentaltraining.at\/wp-content\/uploads\/2025\/05\/cropped-cropped-cropped-mental-1.jpeg\",\"width\":512,\"height\":512,\"caption\":\"\ud83c\udf3f Vom Wunsch zur Verwirklichung\"},\"image\":{\"@id\":\"https:\/\/kraftquellen.mentaltraining.at\/#\/schema\/logo\/image\/\"}}]}<\/script>\n<!-- \/ Yoast SEO plugin. -->","yoast_head_json":{"title":"Deine pers\u00f6nliche Flow\u2011Strategie: Individuell und ma\u00dfgeschneidert - \ud83c\udf3f Vom Wunsch zur Verwirklichung","robots":{"index":"index","follow":"follow","max-snippet":"max-snippet:-1","max-image-preview":"max-image-preview:large","max-video-preview":"max-video-preview:-1"},"canonical":"https:\/\/kraftquellen.mentaltraining.at\/?page_id=323","og_locale":"de_DE","og_type":"article","og_title":"Deine pers\u00f6nliche Flow\u2011Strategie: Individuell und ma\u00dfgeschneidert - \ud83c\udf3f Vom Wunsch zur Verwirklichung","og_description":"Deine pers\u00f6nliche Flow\u2011Strategie: Individuell und ma\u00dfgeschneidert Deine pers\u00f6nliche Flow\u2011Strategie: Individuell und ma\u00dfgeschneidert Wie Du Deinen einzigartigen Power\u2011Flow erschaffst, der perfekt [&hellip;]","og_url":"https:\/\/kraftquellen.mentaltraining.at\/?page_id=323","og_site_name":"\ud83c\udf3f Vom Wunsch zur Verwirklichung","article_modified_time":"2025-05-02T19:56:57+00:00","twitter_card":"summary_large_image","twitter_misc":{"Gesch\u00e4tzte Lesezeit":"2\u00a0Minuten"},"schema":{"@context":"https:\/\/schema.org","@graph":[{"@type":"WebPage","@id":"https:\/\/kraftquellen.mentaltraining.at\/?page_id=323","url":"https:\/\/kraftquellen.mentaltraining.at\/?page_id=323","name":"Deine pers\u00f6nliche Flow\u2011Strategie: Individuell und ma\u00dfgeschneidert - \ud83c\udf3f Vom Wunsch zur Verwirklichung","isPartOf":{"@id":"https:\/\/kraftquellen.mentaltraining.at\/#website"},"datePublished":"2025-05-02T17:40:05+00:00","dateModified":"2025-05-02T19:56:57+00:00","breadcrumb":{"@id":"https:\/\/kraftquellen.mentaltraining.at\/?page_id=323#breadcrumb"},"inLanguage":"de","potentialAction":[{"@type":"ReadAction","target":["https:\/\/kraftquellen.mentaltraining.at\/?page_id=323"]}]},{"@type":"BreadcrumbList","@id":"https:\/\/kraftquellen.mentaltraining.at\/?page_id=323#breadcrumb","itemListElement":[{"@type":"ListItem","position":1,"name":"Startseite","item":"https:\/\/kraftquellen.mentaltraining.at\/"},{"@type":"ListItem","position":2,"name":"Deine pers\u00f6nliche Flow\u2011Strategie: Individuell und ma\u00dfgeschneidert"}]},{"@type":"WebSite","@id":"https:\/\/kraftquellen.mentaltraining.at\/#website","url":"https:\/\/kraftquellen.mentaltraining.at\/","name":"\ud83c\udf3f Vom Wunsch zur Verwirklichung","description":"Verborgene Ressourcen entdecken und in deine Kraft kommen","publisher":{"@id":"https:\/\/kraftquellen.mentaltraining.at\/#organization"},"potentialAction":[{"@type":"SearchAction","target":{"@type":"EntryPoint","urlTemplate":"https:\/\/kraftquellen.mentaltraining.at\/?s={search_term_string}"},"query-input":{"@type":"PropertyValueSpecification","valueRequired":true,"valueName":"search_term_string"}}],"inLanguage":"de"},{"@type":"Organization","@id":"https:\/\/kraftquellen.mentaltraining.at\/#organization","name":"\ud83c\udf3f Vom Wunsch zur Verwirklichung","url":"https:\/\/kraftquellen.mentaltraining.at\/","logo":{"@type":"ImageObject","inLanguage":"de","@id":"https:\/\/kraftquellen.mentaltraining.at\/#\/schema\/logo\/image\/","url":"https:\/\/kraftquellen.mentaltraining.at\/wp-content\/uploads\/2025\/05\/cropped-cropped-cropped-mental-1.jpeg","contentUrl":"https:\/\/kraftquellen.mentaltraining.at\/wp-content\/uploads\/2025\/05\/cropped-cropped-cropped-mental-1.jpeg","width":512,"height":512,"caption":"\ud83c\udf3f Vom Wunsch zur Verwirklichung"},"image":{"@id":"https:\/\/kraftquellen.mentaltraining.at\/#\/schema\/logo\/image\/"}}]}},"_links":{"self":[{"href":"https:\/\/kraftquellen.mentaltraining.at\/index.php?rest_route=\/wp\/v2\/pages\/323","targetHints":{"allow":["GET"]}}],"collection":[{"href":"https:\/\/kraftquellen.mentaltraining.at\/index.php?rest_route=\/wp\/v2\/pages"}],"about":[{"href":"https:\/\/kraftquellen.mentaltraining.at\/index.php?rest_route=\/wp\/v2\/types\/page"}],"author":[{"embeddable":true,"href":"https:\/\/kraftquellen.mentaltraining.at\/index.php?rest_route=\/wp\/v2\/users\/1"}],"replies":[{"embeddable":true,"href":"https:\/\/kraftquellen.mentaltraining.at\/index.php?rest_route=%2Fwp%2Fv2%2Fcomments&post=323"}],"version-history":[{"count":13,"href":"https:\/\/kraftquellen.mentaltraining.at\/index.php?rest_route=\/wp\/v2\/pages\/323\/revisions"}],"predecessor-version":[{"id":441,"href":"https:\/\/kraftquellen.mentaltraining.at\/index.php?rest_route=\/wp\/v2\/pages\/323\/revisions\/441"}],"wp:attachment":[{"href":"https:\/\/kraftquellen.mentaltraining.at\/index.php?rest_route=%2Fwp%2Fv2%2Fmedia&parent=323"}],"curies":[{"name":"wp","href":"https:\/\/api.w.org\/{rel}","templated":true}]}}