{"id":355,"date":"2025-05-02T17:48:58","date_gmt":"2025-05-02T17:48:58","guid":{"rendered":"https:\/\/kraftquellen.mentaltraining.at\/?page_id=355"},"modified":"2025-05-02T20:09:39","modified_gmt":"2025-05-02T20:09:39","slug":"modul-3-transformation%e2%80%91integration%e2%80%91tour","status":"publish","type":"page","link":"https:\/\/kraftquellen.mentaltraining.at\/?page_id=355","title":{"rendered":"Modul 3 Transformation\u2011Integration\u2011Tour"},"content":{"rendered":"\t\t<div data-elementor-type=\"wp-page\" data-elementor-id=\"355\" class=\"elementor elementor-355\">\n\t\t\t\t<div class=\"elementor-element elementor-element-844717d e-flex e-con-boxed e-con e-parent\" data-id=\"844717d\" data-element_type=\"container\" data-e-type=\"container\">\n\t\t\t\t\t<div class=\"e-con-inner\">\n\t\t\t\t<div class=\"elementor-element elementor-element-d2857a5 elementor-widget elementor-widget-html\" data-id=\"d2857a5\" data-element_type=\"widget\" data-e-type=\"widget\" data-widget_type=\"html.default\">\n\t\t\t\t<div class=\"elementor-widget-container\">\n\t\t\t\t\t<!DOCTYPE html>\n<html lang=\"de\">\n<head>\n  <meta charset=\"UTF-8\" \/>\n  <meta name=\"viewport\" content=\"width=device-width, initial-scale=1.0\"\/>\n  <title>Modul 3 Transformation\u2011Integration\u2011Tour<\/title>\n  <style>\n    @import url('https:\/\/fonts.googleapis.com\/css2?family=Playfair+Display&family=Muli&family=Lato&family=Lora&family=Montserrat&family=Open+Sans&display=swap');\n\n    body {\n      font-family: 'Open Sans', sans-serif;\n      color: #4edad9;\n      background-color: #fdfdfd;\n      margin: 0;\n      padding: 0;\n    }\n\n    h1 {\n      font-family: 'Montserrat', sans-serif;\n      font-size: 28px;\n      color: #b65c43;\n      margin-top: 20px;\n    }\n\n    h2 {\n      font-family: 'Playfair Display', serif;\n      font-size: 22px;\n      color: #b65c43;\n      margin-top: 10px;\n    }\n\n    .teaser {\n      font-family: 'Lato', sans-serif;\n      font-size: 18px;\n      color: #006f6a;\n      line-height: 1.5;\n      margin: 20px;\n    }\n\n    .highlight {\n      color: #b65c43;\n      font-weight: bold;\n    }\n\n    .button {\n      background-color: #006f6a;\n      color: white;\n      padding: 10px 20px;\n      font-size: 18px;\n      font-family: 'Muli', sans-serif;\n      text-align: center;\n      text-decoration: none;\n      border-radius: 5px;\n      display: inline-block;\n      margin: 20px 10px;\n      transition: background-color 0.3s;\n    }\n\n    .button:hover {\n      background-color: #4edad9;\n    }\n  <\/style>\n<\/head>\n<body>\n\n  <section>\n    <h1>Modul 3: Transformation\u2011Integration\u2011Tour<\/h1>\n    <h2>Dein Alltag als Erfolgsboden<\/h2>\n\n    <div class=\"teaser\">\n      Begeisterung ist der Anfang \u2013 Integration ist der Schl\u00fcssel zur dauerhaften Ver\u00e4nderung. Dieses Modul macht aus innerem Feuer nachhaltige Kraft im Au\u00dfen. Du verankerst Deine neue Haltung nicht nur theoretisch, sondern im gelebten Alltag.\n    <\/div>\n\n    <div>\n      <h3>Ziel & Nutzen<\/h3>\n      <p>\n        Im dritten Modul des \u201eQuellen-Weg\u201c-Seminars sichern wir den entscheidenden Schritt: <span class=\"highlight\">Verankerung<\/span>. Was im ersten Modul aktiviert und im zweiten bewusst geformt wurde, wird hier zu einer <strong>dauerhaften inneren Struktur<\/strong>, die im Alltag wirksam bleibt.\n      <\/p>\n      <p>\n        Die Teilnehmer*innen erleben, wie sie mit minimalem Aufwand ihre Routinen so umgestalten k\u00f6nnen, dass sie t\u00e4glich von ihren Ressourcen profitieren. Dabei verbinden wir Neurowissenschaft mit gelebter Achtsamkeit und Ritualpsychologie.\n      <\/p>\n      <p>\n        Durch gezielte \u00dcbungen entlang des Kraft-Orts \u201eQuellenweg\u201c entstehen <strong>k\u00f6rperlich verankerte Handlungsspuren<\/strong>, sogenannte \u201eEmbodiment-Anker\u201c, die sp\u00e4ter im Alltag automatisch aktiviert werden. \n      <\/p>\n      <p>\n        Ein weiterer zentraler Bestandteil ist der <span class=\"highlight\">Aufbau einer unterst\u00fctzenden Community<\/span>, die den Integrationsprozess begleitet, inspiriert und reflektiert. Diese Begleitung macht den Unterschied \u2013 sie sorgt f\u00fcr Nachhaltigkeit, Verbindlichkeit und emotionale Sicherheit.\n      <\/p>\n      <p>\n        Du erlebst damit echte Transformation \u2013 mit Langzeitwirkung f\u00fcr Dein Leben.\n      <\/p>\n    <\/div>\n\n    <div>\n      <a href=\"https:\/\/kraftquellen.mentaltraining.at\/\" class=\"button\">Zur Seminar\u00fcbersicht<\/a>\n      <a href=\"https:\/\/mentaltraining.at\/\" class=\"button\">Zur Hauptseite<\/a>\n    <\/div>\n  <\/section>\n\n<\/body>\n<\/html>\n\t\t\t\t<\/div>\n\t\t\t\t<\/div>\n\t\t\t\t\t<\/div>\n\t\t\t\t<\/div>\n\t\t\t\t<\/div>\n\t\t","protected":false},"excerpt":{"rendered":"<p>Modul 3 Transformation\u2011Integration\u2011Tour Modul 3: Transformation\u2011Integration\u2011Tour Dein Alltag als Erfolgsboden Begeisterung ist der Anfang \u2013 Integration ist der Schl\u00fcssel zur [&hellip;]<\/p>\n","protected":false},"author":1,"featured_media":0,"parent":0,"menu_order":0,"comment_status":"closed","ping_status":"closed","template":"","meta":{"saved_in_kubio":false,"_monsterinsights_skip_tracking":false,"_monsterinsights_sitenote_active":false,"_monsterinsights_sitenote_note":"","_monsterinsights_sitenote_category":0,"site-sidebar-layout":"default","site-content-layout":"","ast-site-content-layout":"default","site-content-style":"default","site-sidebar-style":"default","ast-global-header-display":"","ast-banner-title-visibility":"","ast-main-header-display":"","ast-hfb-above-header-display":"","ast-hfb-below-header-display":"","ast-hfb-mobile-header-display":"","site-post-title":"","ast-breadcrumbs-content":"","ast-featured-img":"","footer-sml-layout":"","theme-transparent-header-meta":"","adv-header-id-meta":"","stick-header-meta":"","header-above-stick-meta":"","header-main-stick-meta":"","header-below-stick-meta":"","astra-migrate-meta-layouts":"default","ast-page-background-enabled":"default","ast-page-background-meta":{"desktop":{"background-color":"var(--ast-global-color-5)","background-image":"","background-repeat":"repeat","background-position":"center center","background-size":"auto","background-attachment":"scroll","background-type":"","background-media":"","overlay-type":"","overlay-color":"","overlay-opacity":"","overlay-gradient":""},"tablet":{"background-color":"","background-image":"","background-repeat":"repeat","background-position":"center center","background-size":"auto","background-attachment":"scroll","background-type":"","background-media":"","overlay-type":"","overlay-color":"","overlay-opacity":"","overlay-gradient":""},"mobile":{"background-color":"","background-image":"","background-repeat":"repeat","background-position":"center center","background-size":"auto","background-attachment":"scroll","background-type":"","background-media":"","overlay-type":"","overlay-color":"","overlay-opacity":"","overlay-gradient":""}},"ast-content-background-meta":{"desktop":{"background-color":"var(--ast-global-color-4)","background-image":"","background-repeat":"repeat","background-position":"center center","background-size":"auto","background-attachment":"scroll","background-type":"","background-media":"","overlay-type":"","overlay-color":"","overlay-opacity":"","overlay-gradient":""},"tablet":{"background-color":"var(--ast-global-color-4)","background-image":"","background-repeat":"repeat","background-position":"center center","background-size":"auto","background-attachment":"scroll","background-type":"","background-media":"","overlay-type":"","overlay-color":"","overlay-opacity":"","overlay-gradient":""},"mobile":{"background-color":"var(--ast-global-color-4)","background-image":"","background-repeat":"repeat","background-position":"center center","background-size":"auto","background-attachment":"scroll","background-type":"","background-media":"","overlay-type":"","overlay-color":"","overlay-opacity":"","overlay-gradient":""}},"footnotes":""},"class_list":["post-355","page","type-page","status-publish","hentry"],"kubio_ai_page_context":{"short_desc":"","purpose":"general"},"yoast_head":"<!-- This site is optimized with the Yoast SEO plugin v26.9 - https:\/\/yoast.com\/product\/yoast-seo-wordpress\/ -->\n<title>Modul 3 Transformation\u2011Integration\u2011Tour - \ud83c\udf3f Vom Wunsch zur Verwirklichung<\/title>\n<meta name=\"robots\" content=\"index, follow, max-snippet:-1, max-image-preview:large, max-video-preview:-1\" \/>\n<link rel=\"canonical\" href=\"https:\/\/kraftquellen.mentaltraining.at\/?page_id=355\" \/>\n<meta property=\"og:locale\" content=\"de_DE\" \/>\n<meta property=\"og:type\" content=\"article\" \/>\n<meta property=\"og:title\" content=\"Modul 3 Transformation\u2011Integration\u2011Tour - \ud83c\udf3f Vom Wunsch zur Verwirklichung\" \/>\n<meta property=\"og:description\" content=\"Modul 3 Transformation\u2011Integration\u2011Tour Modul 3: Transformation\u2011Integration\u2011Tour Dein Alltag als Erfolgsboden Begeisterung ist der Anfang \u2013 Integration ist der Schl\u00fcssel zur [&hellip;]\" \/>\n<meta property=\"og:url\" content=\"https:\/\/kraftquellen.mentaltraining.at\/?page_id=355\" \/>\n<meta property=\"og:site_name\" content=\"\ud83c\udf3f Vom Wunsch zur Verwirklichung\" \/>\n<meta property=\"article:modified_time\" content=\"2025-05-02T20:09:39+00:00\" \/>\n<meta name=\"twitter:card\" content=\"summary_large_image\" \/>\n<meta name=\"twitter:label1\" content=\"Gesch\u00e4tzte Lesezeit\" \/>\n\t<meta name=\"twitter:data1\" content=\"1\u00a0Minute\" \/>\n<script type=\"application\/ld+json\" class=\"yoast-schema-graph\">{\"@context\":\"https:\/\/schema.org\",\"@graph\":[{\"@type\":\"WebPage\",\"@id\":\"https:\/\/kraftquellen.mentaltraining.at\/?page_id=355\",\"url\":\"https:\/\/kraftquellen.mentaltraining.at\/?page_id=355\",\"name\":\"Modul 3 Transformation\u2011Integration\u2011Tour - \ud83c\udf3f Vom Wunsch zur Verwirklichung\",\"isPartOf\":{\"@id\":\"https:\/\/kraftquellen.mentaltraining.at\/#website\"},\"datePublished\":\"2025-05-02T17:48:58+00:00\",\"dateModified\":\"2025-05-02T20:09:39+00:00\",\"breadcrumb\":{\"@id\":\"https:\/\/kraftquellen.mentaltraining.at\/?page_id=355#breadcrumb\"},\"inLanguage\":\"de\",\"potentialAction\":[{\"@type\":\"ReadAction\",\"target\":[\"https:\/\/kraftquellen.mentaltraining.at\/?page_id=355\"]}]},{\"@type\":\"BreadcrumbList\",\"@id\":\"https:\/\/kraftquellen.mentaltraining.at\/?page_id=355#breadcrumb\",\"itemListElement\":[{\"@type\":\"ListItem\",\"position\":1,\"name\":\"Startseite\",\"item\":\"https:\/\/kraftquellen.mentaltraining.at\/\"},{\"@type\":\"ListItem\",\"position\":2,\"name\":\"Modul 3 Transformation\u2011Integration\u2011Tour\"}]},{\"@type\":\"WebSite\",\"@id\":\"https:\/\/kraftquellen.mentaltraining.at\/#website\",\"url\":\"https:\/\/kraftquellen.mentaltraining.at\/\",\"name\":\"\ud83c\udf3f Vom Wunsch zur Verwirklichung\",\"description\":\"Verborgene Ressourcen entdecken und in deine Kraft kommen\",\"publisher\":{\"@id\":\"https:\/\/kraftquellen.mentaltraining.at\/#organization\"},\"potentialAction\":[{\"@type\":\"SearchAction\",\"target\":{\"@type\":\"EntryPoint\",\"urlTemplate\":\"https:\/\/kraftquellen.mentaltraining.at\/?s={search_term_string}\"},\"query-input\":{\"@type\":\"PropertyValueSpecification\",\"valueRequired\":true,\"valueName\":\"search_term_string\"}}],\"inLanguage\":\"de\"},{\"@type\":\"Organization\",\"@id\":\"https:\/\/kraftquellen.mentaltraining.at\/#organization\",\"name\":\"\ud83c\udf3f Vom Wunsch zur Verwirklichung\",\"url\":\"https:\/\/kraftquellen.mentaltraining.at\/\",\"logo\":{\"@type\":\"ImageObject\",\"inLanguage\":\"de\",\"@id\":\"https:\/\/kraftquellen.mentaltraining.at\/#\/schema\/logo\/image\/\",\"url\":\"https:\/\/kraftquellen.mentaltraining.at\/wp-content\/uploads\/2025\/05\/cropped-cropped-cropped-mental-1.jpeg\",\"contentUrl\":\"https:\/\/kraftquellen.mentaltraining.at\/wp-content\/uploads\/2025\/05\/cropped-cropped-cropped-mental-1.jpeg\",\"width\":512,\"height\":512,\"caption\":\"\ud83c\udf3f Vom Wunsch zur Verwirklichung\"},\"image\":{\"@id\":\"https:\/\/kraftquellen.mentaltraining.at\/#\/schema\/logo\/image\/\"}}]}<\/script>\n<!-- \/ Yoast SEO plugin. -->","yoast_head_json":{"title":"Modul 3 Transformation\u2011Integration\u2011Tour - \ud83c\udf3f Vom Wunsch zur Verwirklichung","robots":{"index":"index","follow":"follow","max-snippet":"max-snippet:-1","max-image-preview":"max-image-preview:large","max-video-preview":"max-video-preview:-1"},"canonical":"https:\/\/kraftquellen.mentaltraining.at\/?page_id=355","og_locale":"de_DE","og_type":"article","og_title":"Modul 3 Transformation\u2011Integration\u2011Tour - \ud83c\udf3f Vom Wunsch zur Verwirklichung","og_description":"Modul 3 Transformation\u2011Integration\u2011Tour Modul 3: Transformation\u2011Integration\u2011Tour Dein Alltag als Erfolgsboden Begeisterung ist der Anfang \u2013 Integration ist der Schl\u00fcssel zur [&hellip;]","og_url":"https:\/\/kraftquellen.mentaltraining.at\/?page_id=355","og_site_name":"\ud83c\udf3f Vom Wunsch zur Verwirklichung","article_modified_time":"2025-05-02T20:09:39+00:00","twitter_card":"summary_large_image","twitter_misc":{"Gesch\u00e4tzte Lesezeit":"1\u00a0Minute"},"schema":{"@context":"https:\/\/schema.org","@graph":[{"@type":"WebPage","@id":"https:\/\/kraftquellen.mentaltraining.at\/?page_id=355","url":"https:\/\/kraftquellen.mentaltraining.at\/?page_id=355","name":"Modul 3 Transformation\u2011Integration\u2011Tour - \ud83c\udf3f Vom Wunsch zur Verwirklichung","isPartOf":{"@id":"https:\/\/kraftquellen.mentaltraining.at\/#website"},"datePublished":"2025-05-02T17:48:58+00:00","dateModified":"2025-05-02T20:09:39+00:00","breadcrumb":{"@id":"https:\/\/kraftquellen.mentaltraining.at\/?page_id=355#breadcrumb"},"inLanguage":"de","potentialAction":[{"@type":"ReadAction","target":["https:\/\/kraftquellen.mentaltraining.at\/?page_id=355"]}]},{"@type":"BreadcrumbList","@id":"https:\/\/kraftquellen.mentaltraining.at\/?page_id=355#breadcrumb","itemListElement":[{"@type":"ListItem","position":1,"name":"Startseite","item":"https:\/\/kraftquellen.mentaltraining.at\/"},{"@type":"ListItem","position":2,"name":"Modul 3 Transformation\u2011Integration\u2011Tour"}]},{"@type":"WebSite","@id":"https:\/\/kraftquellen.mentaltraining.at\/#website","url":"https:\/\/kraftquellen.mentaltraining.at\/","name":"\ud83c\udf3f Vom Wunsch zur Verwirklichung","description":"Verborgene Ressourcen entdecken und in deine Kraft kommen","publisher":{"@id":"https:\/\/kraftquellen.mentaltraining.at\/#organization"},"potentialAction":[{"@type":"SearchAction","target":{"@type":"EntryPoint","urlTemplate":"https:\/\/kraftquellen.mentaltraining.at\/?s={search_term_string}"},"query-input":{"@type":"PropertyValueSpecification","valueRequired":true,"valueName":"search_term_string"}}],"inLanguage":"de"},{"@type":"Organization","@id":"https:\/\/kraftquellen.mentaltraining.at\/#organization","name":"\ud83c\udf3f Vom Wunsch zur Verwirklichung","url":"https:\/\/kraftquellen.mentaltraining.at\/","logo":{"@type":"ImageObject","inLanguage":"de","@id":"https:\/\/kraftquellen.mentaltraining.at\/#\/schema\/logo\/image\/","url":"https:\/\/kraftquellen.mentaltraining.at\/wp-content\/uploads\/2025\/05\/cropped-cropped-cropped-mental-1.jpeg","contentUrl":"https:\/\/kraftquellen.mentaltraining.at\/wp-content\/uploads\/2025\/05\/cropped-cropped-cropped-mental-1.jpeg","width":512,"height":512,"caption":"\ud83c\udf3f Vom Wunsch zur Verwirklichung"},"image":{"@id":"https:\/\/kraftquellen.mentaltraining.at\/#\/schema\/logo\/image\/"}}]}},"_links":{"self":[{"href":"https:\/\/kraftquellen.mentaltraining.at\/index.php?rest_route=\/wp\/v2\/pages\/355","targetHints":{"allow":["GET"]}}],"collection":[{"href":"https:\/\/kraftquellen.mentaltraining.at\/index.php?rest_route=\/wp\/v2\/pages"}],"about":[{"href":"https:\/\/kraftquellen.mentaltraining.at\/index.php?rest_route=\/wp\/v2\/types\/page"}],"author":[{"embeddable":true,"href":"https:\/\/kraftquellen.mentaltraining.at\/index.php?rest_route=\/wp\/v2\/users\/1"}],"replies":[{"embeddable":true,"href":"https:\/\/kraftquellen.mentaltraining.at\/index.php?rest_route=%2Fwp%2Fv2%2Fcomments&post=355"}],"version-history":[{"count":16,"href":"https:\/\/kraftquellen.mentaltraining.at\/index.php?rest_route=\/wp\/v2\/pages\/355\/revisions"}],"predecessor-version":[{"id":460,"href":"https:\/\/kraftquellen.mentaltraining.at\/index.php?rest_route=\/wp\/v2\/pages\/355\/revisions\/460"}],"wp:attachment":[{"href":"https:\/\/kraftquellen.mentaltraining.at\/index.php?rest_route=%2Fwp%2Fv2%2Fmedia&parent=355"}],"curies":[{"name":"wp","href":"https:\/\/api.w.org\/{rel}","templated":true}]}}